{"id":1317,"date":"2022-05-24T08:52:35","date_gmt":"2022-05-24T08:52:35","guid":{"rendered":"https:\/\/www.tuningbox.com\/home\/"},"modified":"2025-04-30T09:01:05","modified_gmt":"2025-04-30T09:01:05","slug":"home","status":"publish","type":"page","link":"https:\/\/www.tuningbox.com\/es\/","title":{"rendered":"Centralita adicional para aumentar la potencia de su coche"},"content":{"rendered":"<p>[vc_row padding_top_multiplier=\u00bbcustom\u00bb padding_bottom_multiplier=\u00bb2x\u00bb rc_bg_type=\u00bbimage\u00bb rc_bg_image=\u00bb2559&#8243; rc_font_color=\u00bbrgba(255,255,255,0.5)\u00bb padding_top=\u00bb10em\u00bb el_class=\u00bbhero-section\u00bb][vc_column width=\u00bb1\/2&#8243; grve_css=\u00bb{\u00abdesktop\u00ab:{\u00abpadding-right\u00ab:\u00ab25%\u00ab,\u00abclass\u00ab:\u00abgrve-wpb-1721989494485\u00ab},\u00abtablet_landscape\u00ab:{\u00abpadding-right\u00ab:\u00ab35%\u00ab},\u00abtablet_portrait\u00ab:{\u00abpadding-right\u00ab:\u00ab25%\u00ab},\u00abmobile_landscape\u00ab:{\u00abpadding-right\u00ab:\u00ab10%\u00ab}}\u00bb]<h1 class=\"grve-element grve-title grve-align-inherit grve-h1 font-light fs-1 lh-base\"><span>Optimice el rendimiento de su motor con la tuning box <strong>nueva generaci\u00f3n<\/strong><\/span><\/h1><div style=\"height: 40px;\" class=\"grve-empty-space\"><\/div>[vc_custom_heading text=\u00bbConfigurar mi veh\u00edculo\u00bb font_container=\u00bbtag:h5|text_align:left|color:%23f79811&#8243; use_theme_fonts=\u00bbyes\u00bb el_class=\u00bbmb-4&#8243;][vc_row_inner el_wrapper_class=\u00bb_imp-configurator-container\u00bb][vc_column_inner][\/vc_column_inner][\/vc_row_inner][\/vc_column][vc_column width=\u00bb1\/2&#8243;]<div class=\"grve-element grve-image grve-align-center\">\r\n\t<div class=\"grve-image-item\">\r\n\t\t\n\n<div class=\"grve-image-wrapper grve-no-effect\">\n\t\t<a href=\"https:\/\/www.tuningbox.com\/es\/nuestros-productos\/\" title=\"Nuestros productos\">\t\t<div class=\"grve-thumbnail-wrapper\"  style=\"width: 851px;\"><div class=\"grve-thumbnail\"  style=\"padding-top: 70.035%;\"><img loading=\"lazy\" decoding=\"async\" width=\"851\" height=\"596\" src=\"https:\/\/www.tuningbox.com\/wp-content\/uploads\/2025\/04\/site-4.png\" class=\"attachment-full size-full grve-lazy-load lazyload\" alt=\"\" srcset=\"https:\/\/www.tuningbox.com\/wp-content\/themes\/impeka\/images\/empty\/empty.png\" data-column-space=\"auto\" data-lazyload=\"\" data-grve-filter=\"yes\" data-src=\"https:\/\/www.tuningbox.com\/wp-content\/uploads\/2025\/04\/site-4.png\" data-sizes=\"auto\" data-srcset=\"https:\/\/www.tuningbox.com\/wp-content\/uploads\/2025\/04\/site-4.png 1x,https:\/\/www.tuningbox.com\/wp-content\/uploads\/2025\/04\/site-4.png 2x\" data-expand=\"1\" \/><\/div><\/div>\t<\/a><\/div>\n\t<\/div>\r\n<\/div>\r\n[\/vc_column][\/vc_row][vc_row padding_bottom_multiplier=\u00bb\u00bb rc_font_color=\u00bbrgba(255,255,255,0.5)\u00bb][vc_column width=\u00bb7\/12&#8243;]<div class=\"grve-element grve-image grve-align-center grve-image-space-100 grve-image-expand-width\">\r\n\t<div class=\"grve-image-item\">\r\n\t\t\n\n<div class=\"grve-image-wrapper grve-no-effect\">\n\t\t<div class=\"grve-thumbnail-wrapper\"><div class=\"grve-thumbnail\"  style=\"padding-top: 72.526%;\"><img loading=\"lazy\" decoding=\"async\" width=\"768\" height=\"557\" src=\"https:\/\/www.tuningbox.com\/wp-content\/uploads\/2022\/05\/TuningBox-39_websize-1-768x557.jpeg\" class=\"attachment-medium_large size-medium_large grve-lazy-load lazyload\" alt=\"\" data-column-space=\"100\" data-lazyload=\"\" data-grve-filter=\"yes\" srcset=\"https:\/\/www.tuningbox.com\/wp-content\/themes\/impeka\/images\/empty\/empty.png\" data-src=\"https:\/\/www.tuningbox.com\/wp-content\/uploads\/2022\/05\/TuningBox-39_websize-1-768x557.jpeg\" data-sizes=\"auto\" data-srcset=\"https:\/\/www.tuningbox.com\/wp-content\/uploads\/2022\/05\/TuningBox-39_websize-1-768x557.jpeg 768w, https:\/\/www.tuningbox.com\/wp-content\/uploads\/2022\/05\/TuningBox-39_websize-1-300x217.jpeg 300w, https:\/\/www.tuningbox.com\/wp-content\/uploads\/2022\/05\/TuningBox-39_websize-1-1024x742.jpeg 1024w, https:\/\/www.tuningbox.com\/wp-content\/uploads\/2022\/05\/TuningBox-39_websize-1-600x435.jpeg 600w, https:\/\/www.tuningbox.com\/wp-content\/uploads\/2022\/05\/TuningBox-39_websize-1.jpeg 1380w\" data-expand=\"1\" \/><\/div><\/div>\t<\/div>\n\t<\/div>\r\n<\/div>\r\n[\/vc_column][vc_column width=\u00bb5\/12&#8243; content_width=\u00bbcustom\u00bb horizontal_content_position=\u00bbright\u00bb vertical_content_position=\u00bbmiddle\u00bb rc_link_color=\u00bbprimary-1&#8243; rc_link_hover_color=\u00bbwhite\u00bb custom_content_width=\u00bb380&#8243;]<h3 class=\"grve-element grve-title grve-align-inherit grve-h2\"><span>Pionero en centralitas adicionales<\/span><\/h3>[vc_column_text]Desde sus inicios, Tuning Box se ha impuesto como uno de los referentes del sector de la automoci\u00f3n gracias a sus productos innovadores y a sus equipos de \u00faltima generaci\u00f3n. No solo trabajamos directamente con los fabricantes, sino que tambi\u00e9n hemos ideado el propio concepto de la centralita adicional, que a d\u00eda de hoy es uno de los imprescindibles de la conducci\u00f3n en todo el mundo para los amantes de las sensaciones al volante.[\/vc_column_text]<div class=\"grve-empty-space grve-height-1x\"><\/div>[vc_column_text]<a href=\"\/es\/empresa-tuning-box\/\">Descubre Tuning Box<\/a>[\/vc_column_text][\/vc_column][vc_column]<div class=\"grve-empty-space grve-height-4x\"><\/div>[\/vc_column][\/vc_row][vc_row padding_top_multiplier=\u00bb4x\u00bb padding_bottom_multiplier=\u00bb4x\u00bb disable_element=\u00bbyes\u00bb rc_heading_color=\u00bbblack\u00bb rc_bg_type=\u00bbcolor\u00bb rc_font_color=\u00bbrgba(0,0,0,0.5)\u00bb rc_bg_color=\u00bb#ffffff\u00bb][vc_column width=\u00bb1\/2&#8243; mobile_width=\u00bb1-2&#8243;]<h3 class=\"grve-element grve-title grve-align-inherit grve-h3\" style=\"margin-bottom: 24px;\"><span><span style=\"color: #919191;\">Novedades Tuning Box<\/span><\/span><\/h3>[\/vc_column][vc_column width=\u00bb1\/2&#8243; vertical_content_position=\u00bbmiddle\u00bb text_align=\u00bbright\u00bb mobile_width=\u00bb1-2&#8243;][vc_column_text]<a href=\"\/es\/novedades\/\"><span style=\"color: #f79810; font-size: 14px; font-weight: bold; text-decoration: underline;\">Todos los art\u00edculos<\/span><\/a>[\/vc_column_text][\/vc_column][vc_column]<div data-display-style=\"pagination\" data-spinner=\"no\" data-columns-large-screen=\"3\" data-columns=\"3\" data-columns-tablet-landscape=\"2\" data-columns-tablet-portrait=\"2\" data-columns-mobile=\"1\" data-layout=\"fitRows\" data-gutter-size=\"24\" data-animation=\"none\" class=\"grve-element grve-blog grve-blog-columns grve-blog-grid grve-isotope grve-with-gap\" id=\"el-1653387336200-a55f231f-8871\">\r\n\t<div class=\"grve-isotope-container\">\r\n\t\t<div class=\"grve-grid-sizer\"><\/div>\r\n\r\n\t<article class=\"post-1293 post type-post status-publish format-standard has-post-thumbnail hentry category-nouveautes-automobiles-es grve-entry-item grve-blog-item\" itemscope itemType=\"http:\/\/schema.org\/BlogPosting\">\r\n\t\t<div class=\"grve-isotope-item-inner grve-default-size\">\r\n\t\t\t<div class=\"tnb-post-item grve-format-standard\">\n\t\t\t\t<a class=\"grve-item-url\" href=\"https:\/\/www.tuningbox.com\/es\/bmw-m3-break\/\" rel=\"bookmark\"><span class=\"screen-reader-text\">BMW : voici la premi\u00e8re M3 break<\/span><\/a>\n\t\t<div class=\"tnb-post-media\">\n\t\t<div class=\"grve-thumbnail-wrapper\"><div class=\"grve-thumbnail\"  style=\"padding-top: 75%;\"><img loading=\"lazy\" decoding=\"async\" width=\"560\" height=\"420\" src=\"https:\/\/www.tuningbox.com\/wp-content\/uploads\/2022\/05\/M3break-560x420.jpg\" class=\"attachment-impeka-grve-small-rect-horizontal size-impeka-grve-small-rect-horizontal wp-post-image grve-lazy-load lazyload\" alt=\"\" data-column-space=\"100\" data-lazyload=\"\" data-grve-filter=\"yes\" srcset=\"https:\/\/www.tuningbox.com\/wp-content\/themes\/impeka\/images\/empty\/empty.png\" data-src=\"https:\/\/www.tuningbox.com\/wp-content\/uploads\/2022\/05\/M3break-560x420.jpg\" data-sizes=\"auto\" data-srcset=\"https:\/\/www.tuningbox.com\/wp-content\/uploads\/2022\/05\/M3break-560x420.jpg 560w, https:\/\/www.tuningbox.com\/wp-content\/uploads\/2022\/05\/M3break-900x675.jpg 900w\" data-expand=\"1\" \/><\/div><\/div>\t<\/div>\n\t\t<div class=\"tnb-post-content\">\n\t\t<div class=\"tnb-content-inner\">\n\t\t\t\t\t\t<div class=\"tnb-post-date\"><span>\t\t\t<time datetime=\"2022-05-30T12:03:05+00:00\">\n\t\t\t\t30\/05\/2022\t\t\t<\/time>\n\t\t\t<\/span><\/div>\n\t\t\t\t\t\t<a href=\"https:\/\/www.tuningbox.com\/es\/bmw-m3-break\/\" rel=\"bookmark\"><h3 class=\"grve-post-title grve-h6\" itemprop=\"headline\"><span>BMW : voici la premi\u00e8re M3 break<\/span><\/h3><\/a>\t\t\t\t\t\t<div class=\"tnb-read-more\">Leer m\u00e1s<\/div>\n\t\t\t\t\t<\/div>\n\t<\/div>\n\n\t\t\t<span class=\"grve-hidden\">\n\t\t\t<span class=\"grve-structured-data\" itemprop=\"image\" itemscope itemtype=\"http:\/\/schema.org\/ImageObject\">\n\t\t\t   <span itemprop='url' >https:\/\/www.tuningbox.com\/wp-content\/uploads\/2022\/05\/M3break.jpg<\/span>\n\t\t\t   <span itemprop='height' >1024<\/span>\n\t\t\t   <span itemprop='width' >682<\/span>\n\t\t\t<\/span>\n\t\t\t\t\t\t<span class=\"grve-structured-data\" itemprop=\"author\" itemscope itemtype=\"http:\/\/schema.org\/Person\">\n\t\t\t\t<span itemprop=\"name\">Tuning Box - Boitier additionnel<\/span>\n\t\t\t<\/span>\n\t\t\t<span class=\"grve-structured-data\" itemprop=\"publisher\" itemscope itemtype=\"http:\/\/schema.org\/Organization\">\n\t\t\t\t<span itemprop='name'>Tuning Box - Boitier additionnel<\/span>\n\t\t\t\t<span itemprop='logo' itemscope itemtype='http:\/\/schema.org\/ImageObject'>\n\t\t\t\t\t<span itemprop='url'>https:\/\/www.tuningbox.com\/wp-content\/uploads\/2022\/05\/M3break.jpg<\/span>\n\t\t\t\t<\/span>\n\t\t\t<\/span>\n\t\t\t\t\t\t<time class=\"grve-structured-data\" itemprop=\"datePublished\" datetime=\"2022-05-30T12:03:05+00:00\">30\/05\/2022<\/time>\n\t\t\t<time class=\"grve-structured-data\" itemprop=\"dateModified\"  datetime=\"2022-08-02T09:07:00+00:00\">02\/08\/2022<\/time>\n\t\t\t<span class=\"grve-structured-data\" itemprop=\"mainEntityOfPage\" itemscope itemtype=\"http:\/\/schema.org\/WebPage\" itemid=\"https:\/\/www.tuningbox.com\/es\/bmw-m3-break\/\"><\/span>\n\t\t<\/span>\n\t<\/div>\n\t\t<\/div>\r\n\t<\/article>\r\n\t\r\n\t<article class=\"post-1297 post type-post status-publish format-standard has-post-thumbnail hentry category-nouveautes-automobiles-es grve-entry-item grve-blog-item\" itemscope itemType=\"http:\/\/schema.org\/BlogPosting\">\r\n\t\t<div class=\"grve-isotope-item-inner grve-default-size\">\r\n\t\t\t<div class=\"tnb-post-item grve-format-standard\">\n\t\t\t\t<a class=\"grve-item-url\" href=\"https:\/\/www.tuningbox.com\/es\/logo-audi\/\" rel=\"bookmark\"><span class=\"screen-reader-text\">D\u2019o\u00f9 vient le logo Audi ?<\/span><\/a>\n\t\t<div class=\"tnb-post-media\">\n\t\t<div class=\"grve-thumbnail-wrapper\"><div class=\"grve-thumbnail\"  style=\"padding-top: 75%;\"><img loading=\"lazy\" decoding=\"async\" width=\"560\" height=\"420\" src=\"https:\/\/www.tuningbox.com\/wp-content\/uploads\/2022\/05\/logoaudi-560x420.jpg\" class=\"attachment-impeka-grve-small-rect-horizontal size-impeka-grve-small-rect-horizontal wp-post-image grve-lazy-load lazyload\" alt=\"\" data-column-space=\"100\" data-lazyload=\"\" data-grve-filter=\"yes\" srcset=\"https:\/\/www.tuningbox.com\/wp-content\/themes\/impeka\/images\/empty\/empty.png\" data-src=\"https:\/\/www.tuningbox.com\/wp-content\/uploads\/2022\/05\/logoaudi-560x420.jpg\" data-sizes=\"auto\" data-srcset=\"https:\/\/www.tuningbox.com\/wp-content\/uploads\/2022\/05\/logoaudi-560x420.jpg 560w, https:\/\/www.tuningbox.com\/wp-content\/uploads\/2022\/05\/logoaudi-900x675.jpg 900w\" data-expand=\"1\" \/><\/div><\/div>\t<\/div>\n\t\t<div class=\"tnb-post-content\">\n\t\t<div class=\"tnb-content-inner\">\n\t\t\t\t\t\t<div class=\"tnb-post-date\"><span>\t\t\t<time datetime=\"2022-05-30T12:03:01+00:00\">\n\t\t\t\t30\/05\/2022\t\t\t<\/time>\n\t\t\t<\/span><\/div>\n\t\t\t\t\t\t<a href=\"https:\/\/www.tuningbox.com\/es\/logo-audi\/\" rel=\"bookmark\"><h3 class=\"grve-post-title grve-h6\" itemprop=\"headline\"><span>D\u2019o\u00f9 vient le logo Audi ?<\/span><\/h3><\/a>\t\t\t\t\t\t<div class=\"tnb-read-more\">Leer m\u00e1s<\/div>\n\t\t\t\t\t<\/div>\n\t<\/div>\n\n\t\t\t<span class=\"grve-hidden\">\n\t\t\t<span class=\"grve-structured-data\" itemprop=\"image\" itemscope itemtype=\"http:\/\/schema.org\/ImageObject\">\n\t\t\t   <span itemprop='url' >https:\/\/www.tuningbox.com\/wp-content\/uploads\/2022\/05\/logoaudi.jpg<\/span>\n\t\t\t   <span itemprop='height' >1920<\/span>\n\t\t\t   <span itemprop='width' >1080<\/span>\n\t\t\t<\/span>\n\t\t\t\t\t\t<span class=\"grve-structured-data\" itemprop=\"author\" itemscope itemtype=\"http:\/\/schema.org\/Person\">\n\t\t\t\t<span itemprop=\"name\">Tuning Box - Boitier additionnel<\/span>\n\t\t\t<\/span>\n\t\t\t<span class=\"grve-structured-data\" itemprop=\"publisher\" itemscope itemtype=\"http:\/\/schema.org\/Organization\">\n\t\t\t\t<span itemprop='name'>Tuning Box - Boitier additionnel<\/span>\n\t\t\t\t<span itemprop='logo' itemscope itemtype='http:\/\/schema.org\/ImageObject'>\n\t\t\t\t\t<span itemprop='url'>https:\/\/www.tuningbox.com\/wp-content\/uploads\/2022\/05\/logoaudi.jpg<\/span>\n\t\t\t\t<\/span>\n\t\t\t<\/span>\n\t\t\t\t\t\t<time class=\"grve-structured-data\" itemprop=\"datePublished\" datetime=\"2022-05-30T12:03:01+00:00\">30\/05\/2022<\/time>\n\t\t\t<time class=\"grve-structured-data\" itemprop=\"dateModified\"  datetime=\"2022-08-02T09:09:27+00:00\">02\/08\/2022<\/time>\n\t\t\t<span class=\"grve-structured-data\" itemprop=\"mainEntityOfPage\" itemscope itemtype=\"http:\/\/schema.org\/WebPage\" itemid=\"https:\/\/www.tuningbox.com\/es\/logo-audi\/\"><\/span>\n\t\t<\/span>\n\t<\/div>\n\t\t<\/div>\r\n\t<\/article>\r\n\t\t<\/div>\r\n<\/div>\r\n[\/vc_column][\/vc_row][vc_row padding_top_multiplier=\u00bb4x\u00bb padding_bottom_multiplier=\u00bb4x\u00bb rc_bg_type=\u00bbcolor\u00bb rc_bg_color=\u00bb#ffffff\u00bb][vc_column][vc_column_text]<\/p>\n<h2 class=\"grve-text-black catalog-title\" style=\"margin-top: 20px; font-size: 32px;\">Centralitas de potencia para todas las marcas<\/h2>\n<ul class=\"catalog-container\">\n<li class=\"catalog-list\"><a class=\"catalog-link\" href=\"https:\/\/www.tuningbox.com\/es\/centralita-adicional\/audi\/\"> Audi <\/a><\/li>\n<li class=\"catalog-list\"><a class=\"catalog-link\" href=\"https:\/\/www.tuningbox.com\/es\/centralita-adicional\/bmw\/\"> BMW <\/a><\/li>\n<li class=\"catalog-list\"><a class=\"catalog-link\" href=\"https:\/\/www.tuningbox.com\/es\/centralita-adicional\/dacia\/\"> Dacia <\/a><\/li>\n<li class=\"catalog-list\"><a class=\"catalog-link\" href=\"https:\/\/www.tuningbox.com\/es\/centralita-adicional\/fiat\/\"> Fiat <\/a><\/li>\n<li class=\"catalog-list\"><a class=\"catalog-link\" href=\"https:\/\/www.tuningbox.com\/es\/centralita-adicional\/ford\/\"> Ford <\/a><\/li>\n<li class=\"catalog-list\"><a class=\"catalog-link\" href=\"https:\/\/www.tuningbox.com\/es\/centralita-adicional\/land-rover\/\"> Land Rover <\/a><\/li>\n<li class=\"catalog-list\"><a class=\"catalog-link\" href=\"https:\/\/www.tuningbox.com\/es\/centralita-adicional\/maserati\/\"> Maserati <\/a><\/li>\n<li class=\"catalog-list\"><a class=\"catalog-link\" href=\"https:\/\/www.tuningbox.com\/es\/centralita-adicional\/mclaren\/\"> McLaren <\/a><\/li>\n<li class=\"catalog-list\"><a class=\"catalog-link\" href=\"https:\/\/www.tuningbox.com\/es\/centralita-adicional\/mercedes\/\"> Mercedes <\/a><\/li>\n<li class=\"catalog-list\"><a class=\"catalog-link\" href=\"https:\/\/www.tuningbox.com\/es\/centralita-adicional\/mini\/\"> Mini <\/a><\/li>\n<li class=\"catalog-list\"><a class=\"catalog-link\" href=\"https:\/\/www.tuningbox.com\/es\/centralita-adicional\/nissan\/\"> Nissan <\/a><\/li>\n<li class=\"catalog-list\"><a class=\"catalog-link\" href=\"https:\/\/www.tuningbox.com\/es\/centralita-adicional\/peugeot\/\"> Peugeot <\/a><\/li>\n<li class=\"catalog-list\"><a class=\"catalog-link\" href=\"https:\/\/www.tuningbox.com\/es\/centralita-adicional\/porsche\/\"> Porsche <\/a><\/li>\n<li class=\"catalog-list\"><a class=\"catalog-link\" href=\"https:\/\/www.tuningbox.com\/es\/centralita-adicional\/renault\/\"> Renault <\/a><\/li>\n<li class=\"catalog-list\"><a class=\"catalog-link\" href=\"https:\/\/www.tuningbox.com\/es\/centralita-adicional\/skoda\/\"> Skoda <\/a><\/li>\n<li class=\"catalog-list\"><a class=\"catalog-link\" href=\"https:\/\/www.tuningbox.com\/es\/centralita-adicional\/volkswagen\/\"> Volkswagen <\/a><\/li>\n<li class=\"catalog-list\"><a class=\"catalog-link\" href=\"https:\/\/www.tuningbox.com\/es\/centralita-adicional\/volvo\/\"> Volvo <\/a><\/li>\n<li class=\"catalog-list\"><a class=\"catalog-link\" href=\"https:\/\/www.tuningbox.com\/es\/centralita-adicional\/\"><strong><u>Todas las marcas<\/u><\/strong><\/a><\/li>\n<\/ul>\n<p>[\/vc_column_text][\/vc_column][\/vc_row]<\/p>\n","protected":false},"excerpt":{"rendered":"<p>[vc_row padding_top_multiplier=\u00bbcustom\u00bb padding_bottom_multiplier=\u00bb2x\u00bb rc_bg_type=\u00bbimage\u00bb rc_bg_image=\u00bb2559&#8243; rc_font_color=\u00bbrgba(255,255,255,0.5)\u00bb padding_top=\u00bb10em\u00bb el_class=\u00bbhero-section\u00bb][vc_column width=\u00bb1\/2&#8243; grve_css=\u00bb{\u00abdesktop\u00ab:{\u00abpadding-right\u00ab:\u00ab25%\u00ab,\u00abclass\u00ab:\u00abgrve-wpb-1721989494485\u00ab},\u00abtablet_landscape\u00ab:{\u00abpadding-right\u00ab:\u00ab35%\u00ab},\u00abtablet_portrait\u00ab:{\u00abpadding-right\u00ab:\u00ab25%\u00ab},\u00abmobile_landscape\u00ab:{\u00abpadding-right\u00ab:\u00ab10%\u00ab}}\u00bb][vc_custom_heading text=\u00bbConfigurar mi veh\u00edculo\u00bb font_container=\u00bbtag:h5|text_align:left|color:%23f79811&#8243; use_theme_fonts=\u00bbyes\u00bb el_class=\u00bbmb-4&#8243;][vc_row_inner el_wrapper_class=\u00bb_imp-configurator-container\u00bb][vc_column_inner][\/vc_column_inner][\/vc_row_inner][\/vc_column][vc_column width=\u00bb1\/2&#8243;][\/vc_column][\/vc_row][vc_row padding_bottom_multiplier=\u00bb\u00bb rc_font_color=\u00bbrgba(255,255,255,0.5)\u00bb][vc_column width=\u00bb7\/12&#8243;][\/vc_column][vc_column width=\u00bb5\/12&#8243; content_width=\u00bbcustom\u00bb horizontal_content_position=\u00bbright\u00bb vertical_content_position=\u00bbmiddle\u00bb rc_link_color=\u00bbprimary-1&#8243; rc_link_hover_color=\u00bbwhite\u00bb custom_content_width=\u00bb380&#8243;][vc_column_text]Desde sus inicios, Tuning Box se ha impuesto como uno de los referentes del sector de la automoci\u00f3n gracias a sus productos innovadores y a sus equipos de [&hellip;]<\/p>\n","protected":false},"author":2,"featured_media":0,"parent":0,"menu_order":0,"comment_status":"closed","ping_status":"closed","template":"","meta":{"footnotes":""},"class_list":["post-1317","page","type-page","status-publish","hentry","grve-entry-item"],"yoast_head":"<!-- This site is optimized with the Yoast SEO plugin v26.7 - https:\/\/yoast.com\/wordpress\/plugins\/seo\/ -->\n<title>Centralita adicional para aumentar la potencia de su coche<\/title>\n<meta name=\"description\" content=\"TuningBox ofrece m\u00f3dulos adicionales para motores di\u00e9sel, gasolina e h\u00edbridos. Mejore el rendimiento de su veh\u00edculo, reduzca el consumo de combustible y conduzca con m\u00e1s placer, sin perder la garant\u00eda.\" \/>\n<meta name=\"robots\" content=\"index, follow, max-snippet:-1, max-image-preview:large, max-video-preview:-1\" \/>\n<link rel=\"canonical\" href=\"https:\/\/www.tuningbox.com\/es\/\" \/>\n<meta property=\"og:locale\" content=\"es_ES\" \/>\n<meta property=\"og:type\" content=\"article\" \/>\n<meta property=\"og:title\" content=\"Centralita adicional para aumentar la potencia de su coche\" \/>\n<meta property=\"og:description\" content=\"TuningBox ofrece m\u00f3dulos adicionales para motores di\u00e9sel, gasolina e h\u00edbridos. Mejore el rendimiento de su veh\u00edculo, reduzca el consumo de combustible y conduzca con m\u00e1s placer, sin perder la garant\u00eda.\" \/>\n<meta property=\"og:url\" content=\"https:\/\/www.tuningbox.com\/es\/\" \/>\n<meta property=\"og:site_name\" content=\"Tuning Box - Boitier additionnel\" \/>\n<meta property=\"article:modified_time\" content=\"2025-04-30T09:01:05+00:00\" \/>\n<meta name=\"twitter:card\" content=\"summary_large_image\" \/>\n<meta name=\"twitter:label1\" content=\"Tiempo de lectura\" \/>\n\t<meta name=\"twitter:data1\" content=\"2 minutos\" \/>\n<script type=\"application\/ld+json\" class=\"yoast-schema-graph\">{\"@context\":\"https:\/\/schema.org\",\"@graph\":[{\"@type\":\"WebPage\",\"@id\":\"https:\/\/www.tuningbox.com\/es\/#webpage\",\"url\":\"https:\/\/www.tuningbox.com\/es\/\",\"name\":\"Centralita adicional para aumentar la potencia de su coche\",\"isPartOf\":{\"@id\":\"https:\/\/www.tuningbox.com\/es\/#website\"},\"datePublished\":\"2022-05-24T08:52:35+00:00\",\"dateModified\":\"2025-04-30T09:01:05+00:00\",\"description\":\"TuningBox ofrece m\u00f3dulos adicionales para motores di\u00e9sel, gasolina e h\u00edbridos. Mejore el rendimiento de su veh\u00edculo, reduzca el consumo de combustible y conduzca con m\u00e1s placer, sin perder la garant\u00eda.\",\"breadcrumb\":{\"@id\":\"https:\/\/www.tuningbox.com\/es\/#breadcrumb\"},\"inLanguage\":\"es\",\"potentialAction\":[{\"@type\":\"ReadAction\",\"target\":[\"https:\/\/www.tuningbox.com\/es\/\"]}]},{\"@type\":\"BreadcrumbList\",\"@id\":\"https:\/\/www.tuningbox.com\/es\/#breadcrumb\",\"itemListElement\":[{\"@type\":\"ListItem\",\"position\":1,\"name\":\"Inicio\",\"item\":\"https:\/\/www.tuningbox.com\/es\/\"},{\"@type\":\"ListItem\",\"position\":2,\"name\":\"Centralita adicional para aumentar la potencia de su coche\"}]},{\"@type\":\"WebSite\",\"@id\":\"https:\/\/www.tuningbox.com\/es\/#website\",\"url\":\"https:\/\/www.tuningbox.com\/es\/\",\"name\":\"Tuning Box - Boitier additionnel\",\"description\":\"puce moteur &amp; pedal box\",\"potentialAction\":[{\"@type\":\"SearchAction\",\"target\":{\"@type\":\"EntryPoint\",\"urlTemplate\":\"https:\/\/www.tuningbox.com\/es\/?s={search_term_string}\"},\"query-input\":{\"@type\":\"PropertyValueSpecification\",\"valueRequired\":true,\"valueName\":\"search_term_string\"}}],\"inLanguage\":\"es\"}]}<\/script>\n<!-- \/ Yoast SEO plugin. -->","yoast_head_json":{"title":"Centralita adicional para aumentar la potencia de su coche","description":"TuningBox ofrece m\u00f3dulos adicionales para motores di\u00e9sel, gasolina e h\u00edbridos. Mejore el rendimiento de su veh\u00edculo, reduzca el consumo de combustible y conduzca con m\u00e1s placer, sin perder la garant\u00eda.","robots":{"index":"index","follow":"follow","max-snippet":"max-snippet:-1","max-image-preview":"max-image-preview:large","max-video-preview":"max-video-preview:-1"},"canonical":"https:\/\/www.tuningbox.com\/es\/","og_locale":"es_ES","og_type":"article","og_title":"Centralita adicional para aumentar la potencia de su coche","og_description":"TuningBox ofrece m\u00f3dulos adicionales para motores di\u00e9sel, gasolina e h\u00edbridos. Mejore el rendimiento de su veh\u00edculo, reduzca el consumo de combustible y conduzca con m\u00e1s placer, sin perder la garant\u00eda.","og_url":"https:\/\/www.tuningbox.com\/es\/","og_site_name":"Tuning Box - Boitier additionnel","article_modified_time":"2025-04-30T09:01:05+00:00","twitter_card":"summary_large_image","twitter_misc":{"Tiempo de lectura":"2 minutos"},"schema":{"@context":"https:\/\/schema.org","@graph":[{"@type":"WebPage","@id":"https:\/\/www.tuningbox.com\/es\/#webpage","url":"https:\/\/www.tuningbox.com\/es\/","name":"Centralita adicional para aumentar la potencia de su coche","isPartOf":{"@id":"https:\/\/www.tuningbox.com\/es\/#website"},"datePublished":"2022-05-24T08:52:35+00:00","dateModified":"2025-04-30T09:01:05+00:00","description":"TuningBox ofrece m\u00f3dulos adicionales para motores di\u00e9sel, gasolina e h\u00edbridos. Mejore el rendimiento de su veh\u00edculo, reduzca el consumo de combustible y conduzca con m\u00e1s placer, sin perder la garant\u00eda.","breadcrumb":{"@id":"https:\/\/www.tuningbox.com\/es\/#breadcrumb"},"inLanguage":"es","potentialAction":[{"@type":"ReadAction","target":["https:\/\/www.tuningbox.com\/es\/"]}]},{"@type":"BreadcrumbList","@id":"https:\/\/www.tuningbox.com\/es\/#breadcrumb","itemListElement":[{"@type":"ListItem","position":1,"name":"Inicio","item":"https:\/\/www.tuningbox.com\/es\/"},{"@type":"ListItem","position":2,"name":"Centralita adicional para aumentar la potencia de su coche"}]},{"@type":"WebSite","@id":"https:\/\/www.tuningbox.com\/es\/#website","url":"https:\/\/www.tuningbox.com\/es\/","name":"Tuning Box - Boitier additionnel","description":"puce moteur &amp; pedal box","potentialAction":[{"@type":"SearchAction","target":{"@type":"EntryPoint","urlTemplate":"https:\/\/www.tuningbox.com\/es\/?s={search_term_string}"},"query-input":{"@type":"PropertyValueSpecification","valueRequired":true,"valueName":"search_term_string"}}],"inLanguage":"es"}]}},"_links":{"self":[{"href":"https:\/\/www.tuningbox.com\/es\/wp-json\/wp\/v2\/pages\/1317","targetHints":{"allow":["GET"]}}],"collection":[{"href":"https:\/\/www.tuningbox.com\/es\/wp-json\/wp\/v2\/pages"}],"about":[{"href":"https:\/\/www.tuningbox.com\/es\/wp-json\/wp\/v2\/types\/page"}],"author":[{"embeddable":true,"href":"https:\/\/www.tuningbox.com\/es\/wp-json\/wp\/v2\/users\/2"}],"replies":[{"embeddable":true,"href":"https:\/\/www.tuningbox.com\/es\/wp-json\/wp\/v2\/comments?post=1317"}],"version-history":[{"count":19,"href":"https:\/\/www.tuningbox.com\/es\/wp-json\/wp\/v2\/pages\/1317\/revisions"}],"predecessor-version":[{"id":6138,"href":"https:\/\/www.tuningbox.com\/es\/wp-json\/wp\/v2\/pages\/1317\/revisions\/6138"}],"wp:attachment":[{"href":"https:\/\/www.tuningbox.com\/es\/wp-json\/wp\/v2\/media?parent=1317"}],"curies":[{"name":"wp","href":"https:\/\/api.w.org\/{rel}","templated":true}]}}