{"id":1341,"date":"2022-05-18T14:20:03","date_gmt":"2022-05-18T14:20:03","guid":{"rendered":"https:\/\/www.tuningbox.com\/nuestros-productos\/pack-comfort\/"},"modified":"2025-04-25T12:59:11","modified_gmt":"2025-04-25T12:59:11","slug":"pack-comfort","status":"publish","type":"page","link":"https:\/\/www.tuningbox.com\/es\/nuestros-productos\/pack-comfort\/","title":{"rendered":"Pack Comfort"},"content":{"rendered":"<p>[vc_row padding_top_multiplier=\u00bb3x\u00bb padding_bottom_multiplier=\u00bb3x\u00bb][vc_column]\n\t<div class=\"grve-element tnb-product-title\">\n\n\t\t<div class=\"tnb-content\">\n\n\t\t\t<h1 class=\"tnb-title grve-h1\"><span>Pack Comfort<\/span><sub>de Tuning Box<\/sub><\/h1>\n\t\t\t<p class=\"tnb-description\">Disfruta de nuevas sensaciones al menor coste combinando la mejora de la acelaraci\u00f3n con el Tune Pedal Pro y la optimizaci\u00f3n del motor de tu coche con la centralita adicional Comfort.<\/p>\n\n\t\t\t<div class=\"row g-0 fs-6\">\n\t\t\t\t<div class=\"col-sm-6 mb-30px\">\n\t\t\t\t\t<div class=\"d-flex align-items-center\">\n\t\t\t\t\t\t<i class=\"fas fa-check text-primary\"><\/i>\n\t\t\t\t\t\t<div class=\"fw-medium ms-2\">Actuellement en stock<\/div>\n\t\t\t\t\t<\/div>\n\t\t\t\t<\/div>\n\n\t\t\t\t<div class=\"col-sm-6 mb-30px\">\n\t\t\t\t\t<div class=\"d-flex align-items-center\">\n\t\t\t\t\t\t<img decoding=\"async\" src=\"\/imp\/img\/be-circle.svg\" width=\"26\" alt=\"\">\n\t\t\t\t\t\t<div class=\"fw-medium ms-2\">Made In Belgium <\/div>\n\t\t\t\t\t<\/div>\n\t\t\t\t<\/div>\n\n\t\t\t\t<div class=\"col-sm-6 mb-30px\">\n\t\t\t\t\t<div class=\"tnb-price-wrapper gap-2\">\n\t\t\t\t\t\t<!--  -->\n\t\t\t\t<span class=\"fs-2 fw-semibold text-primary m-0\">549 \u20ac<\/span>\n\t\t\t<\/div>\n\t\t\t\t<\/div>\n\n\t\t\t\t<div class=\"col-sm-6 mb-30px\">\n\t\t\t\t\t<div class=\"fw-bold mb-3 mt-2\">Avis clients<\/div>\n\n\t\t\t\t\t<!-- <div class=\"d-flex align-items-center\">\n\t\t\t\t\t\t<div class=\"star-rating-component me-3\" data-rating=\"4\">\n\t\t\t\t\t\t\t<i class=\"fal fa-star text-primary\"><\/i>\n\t\t\t\t\t\t\t<i class=\"fal fa-star text-primary\"><\/i>\n\t\t\t\t\t\t\t<i class=\"fal fa-star text-primary\"><\/i>\n\t\t\t\t\t\t\t<i class=\"fal fa-star text-primary\"><\/i>\n\t\t\t\t\t\t\t<i class=\"fal fa-star text-primary\"><\/i>\n\t\t\t\t\t\t<\/div>\n\n\t\t\t\t\t\t<div class=\"text-primary rating-count\">225<\/div>\n\t\t\t\t\t<\/div> -->\n\t\t\t\t\t<div class=\"d-flex align-items-center\">\n\t\t\t\t\t\t<div class=\"rating-widget-star mb-1 me-3\" data-rating=\"4.5\"><span class=\"ratings\"><\/span><\/div>\n\t\t\t\t\t\t<div class=\"text-primary rating-count\">4.8\/5<\/div>\n\t\t\t\t\t<\/div>\n\t\t\t\t<\/div>\n\t\t\t<\/div>\n\n\t\t\t<div>\n\t\t\t\t\t\t\t\t\t<div class=\"imp-tb-btn-container\">\n\t\t\t\t\t<a class=\"imp-tb-btn\" href=\"\/es\/comprar-una-centralita-adicional\/\" title=\"Comprar una centralita adicional\" class=\"grve-text-primary-1\">\n\t\t\t\t\t\t<span class=\"px-20px\">Configurar mi veh\u00edculo<\/span>\n\t\t\t\t\t\t<span class=\"btn-addon\"><span class=\"grve-icon fas fa-chevron-right\"><\/span>\n\t\t\t\t\t<\/a>\n\n\t\t\t\t\t\t<a href=\"\/panier\/\" target=\"_top\" class=\"d-none btn-cart-link bs-btn btn-primary btn-theme fs-6\">Ajouter au panier<\/a>\n\t\t\t\t\t<\/div>\n\t\t\t\t\t\t\t<\/div>\n\n\t\t\t\n\n\n\t\t<\/div>\n\n\t\t<div class=\"tnb-image\">\n\n\t\t\t<img loading=\"lazy\" decoding=\"async\" width=\"768\" height=\"768\" src=\"https:\/\/www.tuningbox.com\/wp-content\/uploads\/2025\/04\/Untitled-design-4-768x768.png\" class=\"attachment-medium_large size-medium_large\" alt=\"\" data-column-space=\"auto\" data-lazyload=\"\" srcset=\"https:\/\/www.tuningbox.com\/wp-content\/uploads\/2025\/04\/Untitled-design-4-768x768.png 768w, https:\/\/www.tuningbox.com\/wp-content\/uploads\/2025\/04\/Untitled-design-4-300x300.png 300w, https:\/\/www.tuningbox.com\/wp-content\/uploads\/2025\/04\/Untitled-design-4-1024x1024.png 1024w, https:\/\/www.tuningbox.com\/wp-content\/uploads\/2025\/04\/Untitled-design-4-150x150.png 150w, https:\/\/www.tuningbox.com\/wp-content\/uploads\/2025\/04\/Untitled-design-4-1536x1536.png 1536w, https:\/\/www.tuningbox.com\/wp-content\/uploads\/2025\/04\/Untitled-design-4-560x560.png 560w, https:\/\/www.tuningbox.com\/wp-content\/uploads\/2025\/04\/Untitled-design-4-900x900.png 900w, https:\/\/www.tuningbox.com\/wp-content\/uploads\/2025\/04\/Untitled-design-4-600x600.png 600w, https:\/\/www.tuningbox.com\/wp-content\/uploads\/2025\/04\/Untitled-design-4-100x100.png 100w, https:\/\/www.tuningbox.com\/wp-content\/uploads\/2025\/04\/Untitled-design-4-90x90.png 90w, https:\/\/www.tuningbox.com\/wp-content\/uploads\/2025\/04\/Untitled-design-4.png 1920w\" sizes=\"auto, (max-width: 768px) 100vw, 768px\" \/>\n\t\t<\/div>\n\n\t<\/div>\n\n[\/vc_column][\/vc_row][vc_row rc_font_color=\u00bbrgba(255,255,255,0.5)\u00bb][vc_column]\t<div class=\"grve-element tnb-advanced-callout\">\n\t\t<svg class=\"tnb-icon-graphic\" width=\"11px\" height=\"11px\" viewBox=\"0 0 11 11\">\n\t\t\t<polygon points=\"6.666668 0 3.999998 0 3.999998 4.000004 0 4.000004 0 6.666664 3.999998 6.666664 3.999998 10.666674 6.666668 10.666674 6.666668 6.666664 10.666708 6.666664 10.666708 4.000004 6.666668 4.000004\"><\/polygon>\n\t\t<\/svg>\n\t\t<div class=\"tnb-content\">\n\t\t\t<h3 class=\"tnb-title grve-h4\">Con la combinaci\u00f3n del <span style=\"color: #f79810\">Tune Pedal Pro<\/span> y la centralita adicional <span style=\"color: #f79810\">Comfort<\/span>, mejorar\u00e1s el rendimiento de tu coche y disfrutar\u00e1s m\u00e1s de las sensaciones al volante.<\/h3>\t\t\t\t\t\t\t<div class=\"tnb-description grve-border-primary-1\"><p>El Tune Pedal Pro optimiza el tiempo de respuesta del pedal de aceleraci\u00f3n, mientras que la centralita adicional Comfort aumenta la potencia y el par motor. Esta combinaci\u00f3n es perfecta para que puedas acelerar m\u00e1s y mejor, para llenarte de nuevas sensaciones al volante y para reducir el consumo de carburante.<\/p><\/div>\n\t\t\t\t\t<\/div>\n\t<\/div>\n[vc_row_inner][vc_column_inner width=\u00bb1\/12&#8243; tablet_sm_width=\u00bbhide\u00bb mobile_width=\u00bbhide\u00bb][\/vc_column_inner][vc_column_inner width=\u00bb5\/12&#8243; tablet_sm_width=\u00bb1-2&#8243;]\n\n\n\t<div class=\"tb-product-item product-card d-flex align-items-center flex-column\" data-layout=\"default\">\n\n\t\t\t\t\t<div class=\"product-category-tag fw-medium\">M\u00f3dulo<\/div>\n\t\t\n\t\t\t\t\t<h3 class=\"product-title fw-medium grve-h5\">Comfort<\/h3>\n\t\t\n\t\t\t\t\t<div class=\"tb-product-img-container\">\n\t\t\t\t<div class=\"_backdrop\"><img decoding=\"async\" src=\"\/wp-content\/themes\/tuning-box\/assets\/img\/backdrop.png\" alt=\"\" \/><\/div>\n\t\t\t\t<div class=\"img-container position-relative\">\n\t\t\t\t<img loading=\"lazy\" decoding=\"async\" width=\"300\" height=\"225\" src=\"https:\/\/www.tuningbox.com\/wp-content\/uploads\/2022\/07\/New-Boitier-Comfort-01-300x225.png\" class=\"attachment-medium size-medium\" alt=\"Bo\u00eetier Comfort\" data-column-space=\"auto\" data-lazyload=\"\" srcset=\"https:\/\/www.tuningbox.com\/wp-content\/uploads\/2022\/07\/New-Boitier-Comfort-01-300x225.png 300w, https:\/\/www.tuningbox.com\/wp-content\/uploads\/2022\/07\/New-Boitier-Comfort-01.png 400w\" sizes=\"auto, (max-width: 300px) 100vw, 300px\" \/>\t\t\t\t<\/div>\n\t\t\t<\/div>\n\t\t\t\t\n\t\t\n\t\t<div class=\"product-details mb-40px d-flex align-items-center column-gap-3\">\n\t\t\t\t\t\t<div class=\"_price text-primary\"><\/div>\n\t\t<\/div>\n\t\t\n\t\t<a class=\"_product-link d-inline-block text-underline-primary\" href=\"\/es\/nuestros-productos\/comfort\/\" title=\"Comfort\" class=\"tnb-add-to-cart grve-text-primary-1\"><\/a>\n                \n                \n                \n                <a class=\"imp-anchor-overlay\" href=\"\/es\/nuestros-productos\/comfort\/\" title=\"Comfort\" class=\"tnb-add-to-cart grve-text-primary-1\"><\/a>\n\t<\/div>\n\n\n<!-- <div class=\"tnb-product-item\">\n\n\t\n\t<div class=\"tnb-categories\">\n\n\t\t<span>M\u00f3dulo<\/span>\n\n\t<\/div>\n\n\t\n\t\n\t<div class=\"tnb-media\">\n\n\t\t<a href=\"\/es\/nuestros-productos\/comfort\/\" title=\"Comfort\" class=\"tnb-add-to-cart grve-text-primary-1\">\n\n\t\t<img loading=\"lazy\" decoding=\"async\" width=\"300\" height=\"225\" src=\"https:\/\/www.tuningbox.com\/wp-content\/uploads\/2022\/07\/New-Boitier-Comfort-01-300x225.png\" class=\"attachment-medium size-medium\" alt=\"Bo\u00eetier Comfort\" data-column-space=\"auto\" data-lazyload=\"\" srcset=\"https:\/\/www.tuningbox.com\/wp-content\/uploads\/2022\/07\/New-Boitier-Comfort-01-300x225.png 300w, https:\/\/www.tuningbox.com\/wp-content\/uploads\/2022\/07\/New-Boitier-Comfort-01.png 400w\" sizes=\"auto, (max-width: 300px) 100vw, 300px\" \/>\n\t\t<\/a>\n\n\t<\/div>\n\n\t\n\t<div class=\"tnb-content\">\n\n\t\t\n\t\t<h3 class=\"tnb-product-title grve-h5\">Comfort<\/h3>\n\n\t\t\n\t\t\n\t\t<div class=\"tnb-subtitle\">de Tuning Box<\/div>\n\n\t\t\n\t\t\n\t\t\n\t\t<a href=\"\/es\/nuestros-productos\/comfort\/\" title=\"Comfort\" class=\"tnb-add-to-cart grve-text-primary-1\">\n\n\t\t\t<svg width=\"11px\" height=\"11px\" viewBox=\"0 0 11 11\">\n\n\t\t\t\t<polygon points=\"6.666668 0 3.999998 0 3.999998 4.000004 0 4.000004 0 6.666664 3.999998 6.666664 3.999998 10.666674 6.666668 10.666674 6.666668 6.666664 10.666708 6.666664 10.666708 4.000004 6.666668 4.000004\"><\/polygon>\n\n\t\t\t<\/svg>\n\n\t\t<\/a>\n\n\t<\/div>\n\n<\/div> -->[\/vc_column_inner][vc_column_inner width=\u00bb5\/12&#8243; tablet_sm_width=\u00bb1-2&#8243;]\n\n\n\t<div class=\"tb-product-item product-card d-flex align-items-center flex-column\" data-layout=\"default\">\n\n\t\t\t\t\t<div class=\"product-category-tag fw-medium\">Accesorio<\/div>\n\t\t\n\t\t\t\t\t<h3 class=\"product-title fw-medium grve-h5\">Tune Pedal Pro<\/h3>\n\t\t\n\t\t\t\t\t<div class=\"tb-product-img-container\">\n\t\t\t\t<div class=\"_backdrop\"><img decoding=\"async\" src=\"\/wp-content\/themes\/tuning-box\/assets\/img\/backdrop.png\" alt=\"\" \/><\/div>\n\t\t\t\t<div class=\"img-container position-relative\">\n\t\t\t\t<img loading=\"lazy\" decoding=\"async\" width=\"300\" height=\"300\" src=\"https:\/\/www.tuningbox.com\/wp-content\/uploads\/2025\/04\/tune-pedal-pro-site-2-300x300.png\" class=\"attachment-medium size-medium\" alt=\"\" data-column-space=\"auto\" data-lazyload=\"\" srcset=\"https:\/\/www.tuningbox.com\/wp-content\/uploads\/2025\/04\/tune-pedal-pro-site-2-300x300.png 300w, https:\/\/www.tuningbox.com\/wp-content\/uploads\/2025\/04\/tune-pedal-pro-site-2-1024x1024.png 1024w, https:\/\/www.tuningbox.com\/wp-content\/uploads\/2025\/04\/tune-pedal-pro-site-2-150x150.png 150w, https:\/\/www.tuningbox.com\/wp-content\/uploads\/2025\/04\/tune-pedal-pro-site-2-768x768.png 768w, https:\/\/www.tuningbox.com\/wp-content\/uploads\/2025\/04\/tune-pedal-pro-site-2-1536x1536.png 1536w, https:\/\/www.tuningbox.com\/wp-content\/uploads\/2025\/04\/tune-pedal-pro-site-2-560x560.png 560w, https:\/\/www.tuningbox.com\/wp-content\/uploads\/2025\/04\/tune-pedal-pro-site-2-900x900.png 900w, https:\/\/www.tuningbox.com\/wp-content\/uploads\/2025\/04\/tune-pedal-pro-site-2-600x600.png 600w, https:\/\/www.tuningbox.com\/wp-content\/uploads\/2025\/04\/tune-pedal-pro-site-2-100x100.png 100w, https:\/\/www.tuningbox.com\/wp-content\/uploads\/2025\/04\/tune-pedal-pro-site-2-90x90.png 90w, https:\/\/www.tuningbox.com\/wp-content\/uploads\/2025\/04\/tune-pedal-pro-site-2.png 1920w\" sizes=\"auto, (max-width: 300px) 100vw, 300px\" \/>\t\t\t\t<\/div>\n\t\t\t<\/div>\n\t\t\t\t\n\t\t\n\t\t<div class=\"product-details mb-40px d-flex align-items-center column-gap-3\">\n\t\t\t\t\t\t<div class=\"_price text-primary\"><\/div>\n\t\t<\/div>\n\t\t\n\t\t<a class=\"_product-link d-inline-block text-underline-primary\" href=\"\/es\/nuestros-productos\/tune-pedal\/\" title=\"Tune Pedal\" class=\"tnb-add-to-cart grve-text-primary-1\"><\/a>\n                \n                \n                \n                <a class=\"imp-anchor-overlay\" href=\"\/es\/nuestros-productos\/tune-pedal\/\" title=\"Tune Pedal\" class=\"tnb-add-to-cart grve-text-primary-1\"><\/a>\n\t<\/div>\n\n\n<!-- <div class=\"tnb-product-item\">\n\n\t\n\t<div class=\"tnb-categories\">\n\n\t\t<span>Accesorio<\/span>\n\n\t<\/div>\n\n\t\n\t\n\t<div class=\"tnb-media\">\n\n\t\t<a href=\"\/es\/nuestros-productos\/tune-pedal\/\" title=\"Tune Pedal\" class=\"tnb-add-to-cart grve-text-primary-1\">\n\n\t\t<img loading=\"lazy\" decoding=\"async\" width=\"300\" height=\"300\" src=\"https:\/\/www.tuningbox.com\/wp-content\/uploads\/2025\/04\/tune-pedal-pro-site-2-300x300.png\" class=\"attachment-medium size-medium\" alt=\"\" data-column-space=\"auto\" data-lazyload=\"\" srcset=\"https:\/\/www.tuningbox.com\/wp-content\/uploads\/2025\/04\/tune-pedal-pro-site-2-300x300.png 300w, https:\/\/www.tuningbox.com\/wp-content\/uploads\/2025\/04\/tune-pedal-pro-site-2-1024x1024.png 1024w, https:\/\/www.tuningbox.com\/wp-content\/uploads\/2025\/04\/tune-pedal-pro-site-2-150x150.png 150w, https:\/\/www.tuningbox.com\/wp-content\/uploads\/2025\/04\/tune-pedal-pro-site-2-768x768.png 768w, https:\/\/www.tuningbox.com\/wp-content\/uploads\/2025\/04\/tune-pedal-pro-site-2-1536x1536.png 1536w, https:\/\/www.tuningbox.com\/wp-content\/uploads\/2025\/04\/tune-pedal-pro-site-2-560x560.png 560w, https:\/\/www.tuningbox.com\/wp-content\/uploads\/2025\/04\/tune-pedal-pro-site-2-900x900.png 900w, https:\/\/www.tuningbox.com\/wp-content\/uploads\/2025\/04\/tune-pedal-pro-site-2-600x600.png 600w, https:\/\/www.tuningbox.com\/wp-content\/uploads\/2025\/04\/tune-pedal-pro-site-2-100x100.png 100w, https:\/\/www.tuningbox.com\/wp-content\/uploads\/2025\/04\/tune-pedal-pro-site-2-90x90.png 90w, https:\/\/www.tuningbox.com\/wp-content\/uploads\/2025\/04\/tune-pedal-pro-site-2.png 1920w\" sizes=\"auto, (max-width: 300px) 100vw, 300px\" \/>\n\t\t<\/a>\n\n\t<\/div>\n\n\t\n\t<div class=\"tnb-content\">\n\n\t\t\n\t\t<h3 class=\"tnb-product-title grve-h5\">Tune Pedal Pro<\/h3>\n\n\t\t\n\t\t\n\t\t<div class=\"tnb-subtitle\">de Tuning Box<\/div>\n\n\t\t\n\t\t\n\t\t\n\t\t<a href=\"\/es\/nuestros-productos\/tune-pedal\/\" title=\"Tune Pedal\" class=\"tnb-add-to-cart grve-text-primary-1\">\n\n\t\t\t<svg width=\"11px\" height=\"11px\" viewBox=\"0 0 11 11\">\n\n\t\t\t\t<polygon points=\"6.666668 0 3.999998 0 3.999998 4.000004 0 4.000004 0 6.666664 3.999998 6.666664 3.999998 10.666674 6.666668 10.666674 6.666668 6.666664 10.666708 6.666664 10.666708 4.000004 6.666668 4.000004\"><\/polygon>\n\n\t\t\t<\/svg>\n\n\t\t<\/a>\n\n\t<\/div>\n\n<\/div> -->[\/vc_column_inner][vc_column_inner width=\u00bb1\/12&#8243; tablet_sm_width=\u00bbhide\u00bb mobile_width=\u00bbhide\u00bb][\/vc_column_inner][\/vc_row_inner][\/vc_column][\/vc_row][vc_row padding_top_multiplier=\u00bb3x\u00bb padding_bottom_multiplier=\u00bb3x\u00bb][vc_column]\t<div class=\"grve-element tnb-image-callout\">\n\t\t<div class=\"tnb-image\">\n\t\t\t<img loading=\"lazy\" decoding=\"async\" width=\"768\" height=\"363\" src=\"https:\/\/www.tuningbox.com\/wp-content\/uploads\/2022\/05\/TuningBox-26_websize-2-768x363.jpeg\" class=\"attachment-medium_large size-medium_large\" alt=\"Zoom sur l&#039;avant d&#039;une voiture noire\" data-column-space=\"auto\" data-lazyload=\"\" srcset=\"https:\/\/www.tuningbox.com\/wp-content\/uploads\/2022\/05\/TuningBox-26_websize-2-768x363.jpeg 768w, https:\/\/www.tuningbox.com\/wp-content\/uploads\/2022\/05\/TuningBox-26_websize-2-300x142.jpeg 300w, https:\/\/www.tuningbox.com\/wp-content\/uploads\/2022\/05\/TuningBox-26_websize-2-1024x484.jpeg 1024w, https:\/\/www.tuningbox.com\/wp-content\/uploads\/2022\/05\/TuningBox-26_websize-2-600x284.jpeg 600w, https:\/\/www.tuningbox.com\/wp-content\/uploads\/2022\/05\/TuningBox-26_websize-2.jpeg 1164w\" sizes=\"auto, (max-width: 768px) 100vw, 768px\" \/>\t\t<\/div>\n\t\t<div class=\"tnb-content-wrapper\">\n\t\t\t<div class=\"tnb-content\">\n\t\t\t\t<h3 class=\"tnb-title grve-h3 grve-text-white\">Configurar mi veh\u00edculo<\/h3>\t\t\t\t<p class=\"tnb-description grve-text-white\">T\u00fa tambi\u00e9n puedes disfrutar desde ya de un mayor placer al conducir gracias a la tecnolog\u00eda Tuning Box. Encuentra tu pack ideal y explota el potencial de tu coche al m\u00e1ximo.<\/p>\n\t\t\t<\/div>\n\t\t\t\t\t\t<a href=\"\/es\/comprar-una-centralita-adicional\/\" title=\"Comprar una centralita adicional\" class=\"tnb-btn-arrow grve-bg-primary-1\"><svg width=\"9px\" height=\"18px\" viewBox=\"0 0 9 18\"><polygon points=\"9 9 2.14648e-07 0 0 18\"><\/polygon><\/svg><span class=\"grve-btn-text\">Configurar mi veh\u00edculo<\/span><\/a>\n\t\t\t\t\t<\/div>\n\t<\/div>\n[\/vc_column][\/vc_row]<\/p>\n","protected":false},"excerpt":{"rendered":"<p>[vc_row padding_top_multiplier=\u00bb3x\u00bb padding_bottom_multiplier=\u00bb3x\u00bb][vc_column][\/vc_column][\/vc_row][vc_row rc_font_color=\u00bbrgba(255,255,255,0.5)\u00bb][vc_column][vc_row_inner][vc_column_inner width=\u00bb1\/12&#8243; tablet_sm_width=\u00bbhide\u00bb mobile_width=\u00bbhide\u00bb][\/vc_column_inner][vc_column_inner width=\u00bb5\/12&#8243; tablet_sm_width=\u00bb1-2&#8243;][\/vc_column_inner][vc_column_inner width=\u00bb5\/12&#8243; tablet_sm_width=\u00bb1-2&#8243;][\/vc_column_inner][vc_column_inner width=\u00bb1\/12&#8243; tablet_sm_width=\u00bbhide\u00bb mobile_width=\u00bbhide\u00bb][\/vc_column_inner][\/vc_row_inner][\/vc_column][\/vc_row][vc_row padding_top_multiplier=\u00bb3x\u00bb padding_bottom_multiplier=\u00bb3x\u00bb][vc_column][\/vc_column][\/vc_row]<\/p>\n","protected":false},"author":2,"featured_media":0,"parent":1324,"menu_order":0,"comment_status":"closed","ping_status":"closed","template":"","meta":{"footnotes":""},"class_list":["post-1341","page","type-page","status-publish","hentry","grve-entry-item"],"yoast_head":"<!-- This site is optimized with the Yoast SEO plugin v26.7 - https:\/\/yoast.com\/wordpress\/plugins\/seo\/ -->\n<title>Pack Comfort - Tuning Box - Boitier additionnel<\/title>\n<meta name=\"robots\" content=\"index, follow, max-snippet:-1, max-image-preview:large, max-video-preview:-1\" \/>\n<link rel=\"canonical\" href=\"https:\/\/www.tuningbox.com\/es\/nuestros-productos\/pack-comfort\/\" \/>\n<meta property=\"og:locale\" content=\"es_ES\" \/>\n<meta property=\"og:type\" content=\"article\" \/>\n<meta property=\"og:title\" content=\"Pack Comfort - Tuning Box - Boitier additionnel\" \/>\n<meta property=\"og:description\" content=\"[vc_row padding_top_multiplier=\u00bb3x\u00bb padding_bottom_multiplier=\u00bb3x\u00bb][vc_column][\/vc_column][\/vc_row][vc_row rc_font_color=\u00bbrgba(255,255,255,0.5)\u00bb][vc_column][vc_row_inner][vc_column_inner width=\u00bb1\/12&#8243; tablet_sm_width=\u00bbhide\u00bb mobile_width=\u00bbhide\u00bb][\/vc_column_inner][vc_column_inner width=\u00bb5\/12&#8243; tablet_sm_width=\u00bb1-2&#8243;][\/vc_column_inner][vc_column_inner width=\u00bb5\/12&#8243; tablet_sm_width=\u00bb1-2&#8243;][\/vc_column_inner][vc_column_inner width=\u00bb1\/12&#8243; tablet_sm_width=\u00bbhide\u00bb mobile_width=\u00bbhide\u00bb][\/vc_column_inner][\/vc_row_inner][\/vc_column][\/vc_row][vc_row padding_top_multiplier=\u00bb3x\u00bb padding_bottom_multiplier=\u00bb3x\u00bb][vc_column][\/vc_column][\/vc_row]\" \/>\n<meta property=\"og:url\" content=\"https:\/\/www.tuningbox.com\/es\/nuestros-productos\/pack-comfort\/\" \/>\n<meta property=\"og:site_name\" content=\"Tuning Box - Boitier additionnel\" \/>\n<meta property=\"article:modified_time\" content=\"2025-04-25T12:59:11+00:00\" \/>\n<meta name=\"twitter:card\" content=\"summary_large_image\" \/>\n<meta name=\"twitter:label1\" content=\"Tiempo de lectura\" \/>\n\t<meta name=\"twitter:data1\" content=\"2 minutos\" \/>\n<script type=\"application\/ld+json\" class=\"yoast-schema-graph\">{\"@context\":\"https:\/\/schema.org\",\"@graph\":[{\"@type\":\"WebPage\",\"@id\":\"https:\/\/www.tuningbox.com\/es\/nuestros-productos\/pack-comfort\/#webpage\",\"url\":\"https:\/\/www.tuningbox.com\/es\/nuestros-productos\/pack-comfort\/\",\"name\":\"Pack Comfort - Tuning Box - Boitier additionnel\",\"isPartOf\":{\"@id\":\"https:\/\/www.tuningbox.com\/es\/#website\"},\"datePublished\":\"2022-05-18T14:20:03+00:00\",\"dateModified\":\"2025-04-25T12:59:11+00:00\",\"breadcrumb\":{\"@id\":\"https:\/\/www.tuningbox.com\/es\/nuestros-productos\/pack-comfort\/#breadcrumb\"},\"inLanguage\":\"es\",\"potentialAction\":[{\"@type\":\"ReadAction\",\"target\":[\"https:\/\/www.tuningbox.com\/es\/nuestros-productos\/pack-comfort\/\"]}]},{\"@type\":\"BreadcrumbList\",\"@id\":\"https:\/\/www.tuningbox.com\/es\/nuestros-productos\/pack-comfort\/#breadcrumb\",\"itemListElement\":[{\"@type\":\"ListItem\",\"position\":1,\"name\":\"Inicio\",\"item\":\"https:\/\/www.tuningbox.com\/es\/\"},{\"@type\":\"ListItem\",\"position\":2,\"name\":\"Nuestros productos\",\"item\":\"https:\/\/www.tuningbox.com\/es\/nuestros-productos\/\"},{\"@type\":\"ListItem\",\"position\":3,\"name\":\"Pack Comfort\"}]},{\"@type\":\"WebSite\",\"@id\":\"https:\/\/www.tuningbox.com\/es\/#website\",\"url\":\"https:\/\/www.tuningbox.com\/es\/\",\"name\":\"Tuning Box - Boitier additionnel\",\"description\":\"puce moteur &amp; pedal box\",\"potentialAction\":[{\"@type\":\"SearchAction\",\"target\":{\"@type\":\"EntryPoint\",\"urlTemplate\":\"https:\/\/www.tuningbox.com\/es\/?s={search_term_string}\"},\"query-input\":{\"@type\":\"PropertyValueSpecification\",\"valueRequired\":true,\"valueName\":\"search_term_string\"}}],\"inLanguage\":\"es\"}]}<\/script>\n<!-- \/ Yoast SEO plugin. -->","yoast_head_json":{"title":"Pack Comfort - Tuning Box - Boitier additionnel","robots":{"index":"index","follow":"follow","max-snippet":"max-snippet:-1","max-image-preview":"max-image-preview:large","max-video-preview":"max-video-preview:-1"},"canonical":"https:\/\/www.tuningbox.com\/es\/nuestros-productos\/pack-comfort\/","og_locale":"es_ES","og_type":"article","og_title":"Pack Comfort - Tuning Box - Boitier additionnel","og_description":"[vc_row padding_top_multiplier=\u00bb3x\u00bb padding_bottom_multiplier=\u00bb3x\u00bb][vc_column][\/vc_column][\/vc_row][vc_row rc_font_color=\u00bbrgba(255,255,255,0.5)\u00bb][vc_column][vc_row_inner][vc_column_inner width=\u00bb1\/12&#8243; tablet_sm_width=\u00bbhide\u00bb mobile_width=\u00bbhide\u00bb][\/vc_column_inner][vc_column_inner width=\u00bb5\/12&#8243; tablet_sm_width=\u00bb1-2&#8243;][\/vc_column_inner][vc_column_inner width=\u00bb5\/12&#8243; tablet_sm_width=\u00bb1-2&#8243;][\/vc_column_inner][vc_column_inner width=\u00bb1\/12&#8243; tablet_sm_width=\u00bbhide\u00bb mobile_width=\u00bbhide\u00bb][\/vc_column_inner][\/vc_row_inner][\/vc_column][\/vc_row][vc_row padding_top_multiplier=\u00bb3x\u00bb padding_bottom_multiplier=\u00bb3x\u00bb][vc_column][\/vc_column][\/vc_row]","og_url":"https:\/\/www.tuningbox.com\/es\/nuestros-productos\/pack-comfort\/","og_site_name":"Tuning Box - Boitier additionnel","article_modified_time":"2025-04-25T12:59:11+00:00","twitter_card":"summary_large_image","twitter_misc":{"Tiempo de lectura":"2 minutos"},"schema":{"@context":"https:\/\/schema.org","@graph":[{"@type":"WebPage","@id":"https:\/\/www.tuningbox.com\/es\/nuestros-productos\/pack-comfort\/#webpage","url":"https:\/\/www.tuningbox.com\/es\/nuestros-productos\/pack-comfort\/","name":"Pack Comfort - Tuning Box - Boitier additionnel","isPartOf":{"@id":"https:\/\/www.tuningbox.com\/es\/#website"},"datePublished":"2022-05-18T14:20:03+00:00","dateModified":"2025-04-25T12:59:11+00:00","breadcrumb":{"@id":"https:\/\/www.tuningbox.com\/es\/nuestros-productos\/pack-comfort\/#breadcrumb"},"inLanguage":"es","potentialAction":[{"@type":"ReadAction","target":["https:\/\/www.tuningbox.com\/es\/nuestros-productos\/pack-comfort\/"]}]},{"@type":"BreadcrumbList","@id":"https:\/\/www.tuningbox.com\/es\/nuestros-productos\/pack-comfort\/#breadcrumb","itemListElement":[{"@type":"ListItem","position":1,"name":"Inicio","item":"https:\/\/www.tuningbox.com\/es\/"},{"@type":"ListItem","position":2,"name":"Nuestros productos","item":"https:\/\/www.tuningbox.com\/es\/nuestros-productos\/"},{"@type":"ListItem","position":3,"name":"Pack Comfort"}]},{"@type":"WebSite","@id":"https:\/\/www.tuningbox.com\/es\/#website","url":"https:\/\/www.tuningbox.com\/es\/","name":"Tuning Box - Boitier additionnel","description":"puce moteur &amp; pedal box","potentialAction":[{"@type":"SearchAction","target":{"@type":"EntryPoint","urlTemplate":"https:\/\/www.tuningbox.com\/es\/?s={search_term_string}"},"query-input":{"@type":"PropertyValueSpecification","valueRequired":true,"valueName":"search_term_string"}}],"inLanguage":"es"}]}},"_links":{"self":[{"href":"https:\/\/www.tuningbox.com\/es\/wp-json\/wp\/v2\/pages\/1341","targetHints":{"allow":["GET"]}}],"collection":[{"href":"https:\/\/www.tuningbox.com\/es\/wp-json\/wp\/v2\/pages"}],"about":[{"href":"https:\/\/www.tuningbox.com\/es\/wp-json\/wp\/v2\/types\/page"}],"author":[{"embeddable":true,"href":"https:\/\/www.tuningbox.com\/es\/wp-json\/wp\/v2\/users\/2"}],"replies":[{"embeddable":true,"href":"https:\/\/www.tuningbox.com\/es\/wp-json\/wp\/v2\/comments?post=1341"}],"version-history":[{"count":6,"href":"https:\/\/www.tuningbox.com\/es\/wp-json\/wp\/v2\/pages\/1341\/revisions"}],"predecessor-version":[{"id":6051,"href":"https:\/\/www.tuningbox.com\/es\/wp-json\/wp\/v2\/pages\/1341\/revisions\/6051"}],"up":[{"embeddable":true,"href":"https:\/\/www.tuningbox.com\/es\/wp-json\/wp\/v2\/pages\/1324"}],"wp:attachment":[{"href":"https:\/\/www.tuningbox.com\/es\/wp-json\/wp\/v2\/media?parent=1341"}],"curies":[{"name":"wp","href":"https:\/\/api.w.org\/{rel}","templated":true}]}}