{"id":1421,"date":"2022-05-13T05:54:28","date_gmt":"2022-05-13T05:54:28","guid":{"rendered":"https:\/\/www.tuningbox.com\/devenir-revendeur\/"},"modified":"2022-08-12T05:56:14","modified_gmt":"2022-08-12T05:56:14","slug":"convertirse-en-distribuidor","status":"publish","type":"page","link":"https:\/\/www.tuningbox.com\/es\/convertirse-en-distribuidor\/","title":{"rendered":"Convertirse en distribuidor"},"content":{"rendered":"<p>[vc_row padding_top_multiplier=\u00bb4x\u00bb padding_bottom_multiplier=\u00bb4x\u00bb rc_link_color=\u00bbprimary-1&#8243; rc_link_hover_color=\u00bbwhite\u00bb rc_font_color=\u00bbrgba(255,255,255,0.5)\u00bb][vc_column width=\u00bb1\/2&#8243;]<h1 class=\"grve-element grve-title grve-align-inherit grve-h1\"><span>Convertirse en distribuidor<\/span><\/h1>[vc_column_text text_style=\u00bbleader-text\u00bb]<span style=\"color: #f79810;\">An\u00edmate a formar parte del universo Tuning Box convirti\u00e9ndote en uno de nuestros distribuidores oficiales<\/span>[\/vc_column_text]<div class=\"grve-empty-space grve-height-1x\"><\/div>[vc_column_text]\u00bfCompartes nuestra pasi\u00f3n por el rendimiento automovil\u00edstico y la innovaci\u00f3n? \u00bfQuieres ofrecerle a tus clientes las soluciones m\u00e1s eficientes del mercado para transformar sus desplazamientos en coche en momentos de puro placer?<\/p>\n<p>Si antepones la satisfacci\u00f3n del cliente a todo lo dem\u00e1s, como hacemos nosotros, \u00a1queremos conocerte! Cont\u00e1ctanos ahora y \u00fanete a nuestra comunidad de distribuidores de todo el mundo.[\/vc_column_text]<div class=\"grve-empty-space grve-height-2x\"><\/div><div class=\"grve-element grve-image grve-align-center\">\r\n\t<div class=\"grve-image-item\">\r\n\t\t\n\n<div class=\"grve-image-wrapper grve-no-effect\">\n\t\t<div class=\"grve-thumbnail-wrapper\"  style=\"width: 588px;\"><div class=\"grve-thumbnail\"  style=\"padding-top: 66.667%;\"><img loading=\"lazy\" decoding=\"async\" width=\"588\" height=\"392\" src=\"https:\/\/www.tuningbox.com\/wp-content\/uploads\/2022\/05\/TuningBox-35_websize-1.jpg\" class=\"attachment-medium_large size-medium_large grve-lazy-load lazyload\" alt=\"\" data-column-space=\"auto\" data-lazyload=\"\" data-grve-filter=\"yes\" srcset=\"https:\/\/www.tuningbox.com\/wp-content\/themes\/impeka\/images\/empty\/empty.png\" data-src=\"https:\/\/www.tuningbox.com\/wp-content\/uploads\/2022\/05\/TuningBox-35_websize-1.jpg\" data-sizes=\"auto\" data-srcset=\"https:\/\/www.tuningbox.com\/wp-content\/uploads\/2022\/05\/TuningBox-35_websize-1.jpg 588w, https:\/\/www.tuningbox.com\/wp-content\/uploads\/2022\/05\/TuningBox-35_websize-1-300x200.jpg 300w\" data-expand=\"1\" \/><\/div><\/div>\t<\/div>\n\t<\/div>\r\n<\/div>\r\n[\/vc_column][vc_column width=\u00bb1\/2&#8243; content_width=\u00bbcustom\u00bb horizontal_content_position=\u00bbright\u00bb vertical_content_position=\u00bbmiddle\u00bb custom_content_width=\u00bb380&#8243; el_class=\u00bbcustom-column-width\u00bb][vc_column_text]<noscript class=\"ninja-forms-noscript-message\">\n\tAviso: Se requiere JavaScript para este contenido.<\/noscript>\n<style>\n\n        \/* PLUGIN WIDE STYLES *\/\n    \n        .nf-form-errors .nf-error-msg {\n                                    color:#dd3333 !important;\n                    }\n        .nf-form-content .nf-error-wrap .nf-error-msg {\n                                    color:#dd3333 !important;\n                    }\n    <\/style><div id=\"nf-form-2-cont\" class=\"nf-form-cont\" aria-live=\"polite\" aria-labelledby=\"nf-form-title-2\" aria-describedby=\"nf-form-errors-2\" role=\"form\">\n\n    <div class=\"nf-loading-spinner\"><\/div>\n\n<\/div>\n        <!-- That data is being printed as a workaround to page builders reordering the order of the scripts loaded-->\n        <script>var formDisplay=1;var nfForms=nfForms||[];var form=[];form.id='2';form.settings={\"objectType\":\"Form Setting\",\"editActive\":true,\"title\":\"Convertirse en distribuidor\",\"show_title\":0,\"allow_public_link\":0,\"embed_form\":\"\",\"clear_complete\":1,\"hide_complete\":1,\"default_label_pos\":\"hidden\",\"wrapper_class\":\"\",\"element_class\":\"\",\"key\":\"\",\"add_submit\":0,\"currency\":\"\",\"unique_field_error\":\"Ya se ha enviado un formulario con este valor.\",\"logged_in\":false,\"not_logged_in_msg\":\"\",\"sub_limit_msg\":\"El formulario ha alcanzado su l\\u00edmite de entradas.\",\"calculations\":[],\"formContentData\":[{\"order\":0,\"cells\":[{\"order\":0,\"fields\":[\"lastname_1656493959790\"],\"width\":\"100\"}]},{\"order\":1,\"cells\":[{\"order\":0,\"fields\":[\"firstname_1656493968953\"],\"width\":\"100\"}]},{\"order\":2,\"cells\":[{\"order\":0,\"fields\":[\"email_1656493999908\"],\"width\":\"100\"}]},{\"order\":3,\"cells\":[{\"order\":0,\"fields\":[\"telephone_1656497197454\"],\"width\":\"100\"}]},{\"order\":4,\"cells\":[{\"order\":0,\"fields\":[\"adresse_de_votre_commerce_1656497280684\"],\"width\":\"100\"}]},{\"order\":5,\"cells\":[{\"order\":0,\"fields\":[\"adresse_de_votre_site_et_ou_de_vos_reseaux_sociaux_1656497370630\"],\"width\":\"100\"}]},{\"order\":6,\"cells\":[{\"order\":0,\"fields\":[\"autres_marques_que_vous_distribuez_1656497398319\"],\"width\":\"100\"}]},{\"order\":7,\"cells\":[{\"order\":0,\"fields\":[\"recaptcha_1656494116089\"],\"width\":\"100\"}]},{\"order\":8,\"cells\":[{\"order\":0,\"fields\":[\"envoyer_ma_demande_1656497413904\"],\"width\":\"100\"}]}],\"changeEmailErrorMsg\":\"Introduce una direcci\\u00f3n de correo electr\\u00f3nico v\\u00e1lida.\",\"changeDateErrorMsg\":\"\\u00a1Introduce una fecha v\\u00e1lida!\",\"confirmFieldErrorMsg\":\"Estos campos deben coincidir.\",\"fieldNumberNumMinError\":\"Error de n\\u00famero m\\u00ednimo\",\"fieldNumberNumMaxError\":\"Error de n\\u00famero m\\u00e1ximo\",\"fieldNumberIncrementBy\":\"Increm\\u00e9ntalo por \",\"formErrorsCorrectErrors\":\"Corrige los errores antes de enviar este formulario.\",\"validateRequiredField\":\"Esto es un campo obligatorio.\",\"honeypotHoneypotError\":\"Error de Honeypot\",\"fieldsMarkedRequired\":\"Campos marcados con <span class=\\\"ninja-forms-req-symbol\\\">*<\\\/span> son requeridos\",\"drawerDisabled\":false,\"conditions\":[],\"container_styles_show_advanced_css\":0,\"title_styles_show_advanced_css\":0,\"row_styles_show_advanced_css\":0,\"row-odd_styles_show_advanced_css\":0,\"success-msg_styles_show_advanced_css\":0,\"error_msg_styles_show_advanced_css\":0,\"ninjaForms\":\"Ninja Forms\",\"fieldTextareaRTEInsertLink\":\"Insertar enlace\",\"fieldTextareaRTEInsertMedia\":\"Insertar medios\",\"fieldTextareaRTESelectAFile\":\"Seleccione un archivo\",\"formHoneypot\":\"Si eres un ser humano y est\\u00e1s viendo este campo, por favor d\\u00e9jalo vac\\u00edo.\",\"fileUploadOldCodeFileUploadInProgress\":\"Carga de archivo en curso.\",\"fileUploadOldCodeFileUpload\":\"CARGA DE ARCHIVO\",\"currencySymbol\":\"&euro;\",\"thousands_sep\":\".\",\"decimal_point\":\",\",\"siteLocale\":\"es_ES\",\"dateFormat\":\"d\\\/m\\\/Y\",\"startOfWeek\":\"1\",\"of\":\"de\",\"previousMonth\":\"Previo Mes\",\"nextMonth\":\"Siguiente Mes\",\"months\":[\"Enero\",\"Febrero\",\"Marzo\",\"Abril\",\"Mayo\",\"Junio\",\"Julio\",\"Agosto\",\"Septiembre\",\"Octubre\",\"Noviembre\",\"Diciembre\"],\"monthsShort\":[\"Ene\",\"Feb\",\"Mar\",\"Abr\",\"Mayo\",\"Jun\",\"Jul\",\"Ago\",\"Sep\",\"Oct\",\"Nov\",\"Dic\"],\"weekdays\":[\"Domingo\",\"Lunes\",\"Martes\",\"Mi\\u00e9rcoles\",\"Jueves\",\"Viernes\",\"Sabado\"],\"weekdaysShort\":[\"Dom\",\"Lun\",\"Mar\",\"Mie\",\"Jue\",\"Vie\",\"Sab\"],\"weekdaysMin\":[\"Do\",\"Lu\",\"Ma\",\"Mi\",\"Ju\",\"Vi\",\"Sa\"],\"recaptchaConsentMissing\":\"reCaptcha validation couldn&#039;t load.\",\"recaptchaMissingCookie\":\"reCaptcha v3 validation couldn&#039;t load the cookie needed to submit the form.\",\"recaptchaConsentEvent\":\"Accept reCaptcha cookies before sending the form.\",\"currency_symbol\":\"\",\"beforeForm\":\"\",\"beforeFields\":\"\",\"afterFields\":\"\",\"afterForm\":\"\"};form.fields=[{\"objectType\":\"Field\",\"objectDomain\":\"fields\",\"editActive\":false,\"order\":1,\"idAttribute\":\"id\",\"label\":\"Apellidos\",\"type\":\"lastname\",\"key\":\"lastname_1656493959790\",\"label_pos\":\"hidden\",\"required\":1,\"default\":\"\",\"placeholder\":\"Apellidos\",\"container_class\":\"\",\"element_class\":\"\",\"admin_label\":\"\",\"help_text\":\"\",\"custom_name_attribute\":\"lname\",\"personally_identifiable\":1,\"value\":\"\",\"drawerDisabled\":false,\"wrap_styles_show_advanced_css\":0,\"label_styles_show_advanced_css\":0,\"element_styles_show_advanced_css\":0,\"cellcid\":\"c3431\",\"wrap_styles_border\":\"\",\"wrap_styles_width\":\"\",\"wrap_styles_margin\":\"\",\"wrap_styles_padding\":\"\",\"wrap_styles_float\":\"\",\"label_styles_border\":\"\",\"label_styles_width\":\"\",\"label_styles_font-size\":\"\",\"label_styles_margin\":\"\",\"label_styles_padding\":\"\",\"label_styles_float\":\"\",\"element_styles_border\":\"\",\"element_styles_width\":\"\",\"element_styles_font-size\":\"\",\"element_styles_margin\":\"\",\"element_styles_padding\":\"\",\"element_styles_float\":\"\",\"id\":5,\"beforeField\":\"\",\"afterField\":\"\",\"parentType\":\"lastname\",\"element_templates\":[\"lastname\",\"input\"],\"old_classname\":\"\",\"wrap_template\":\"wrap\"},{\"objectType\":\"Field\",\"objectDomain\":\"fields\",\"editActive\":false,\"order\":2,\"idAttribute\":\"id\",\"type\":\"firstname\",\"label\":\"Nombre\",\"key\":\"firstname_1656493968953\",\"label_pos\":\"hidden\",\"required\":1,\"default\":\"\",\"placeholder\":\"Nombre\",\"container_class\":\"\",\"element_class\":\"\",\"admin_label\":\"\",\"help_text\":\"\",\"custom_name_attribute\":\"fname\",\"personally_identifiable\":1,\"value\":\"\",\"wrap_styles_show_advanced_css\":0,\"label_styles_show_advanced_css\":0,\"element_styles_show_advanced_css\":0,\"cellcid\":\"c3435\",\"wrap_styles_border\":\"\",\"wrap_styles_width\":\"\",\"wrap_styles_margin\":\"\",\"wrap_styles_padding\":\"\",\"wrap_styles_float\":\"\",\"label_styles_border\":\"\",\"label_styles_width\":\"\",\"label_styles_font-size\":\"\",\"label_styles_margin\":\"\",\"label_styles_padding\":\"\",\"label_styles_float\":\"\",\"element_styles_border\":\"\",\"element_styles_width\":\"\",\"element_styles_font-size\":\"\",\"element_styles_margin\":\"\",\"element_styles_padding\":\"\",\"element_styles_float\":\"\",\"id\":6,\"beforeField\":\"\",\"afterField\":\"\",\"parentType\":\"firstname\",\"element_templates\":[\"firstname\",\"input\"],\"old_classname\":\"\",\"wrap_template\":\"wrap\"},{\"objectType\":\"Field\",\"objectDomain\":\"fields\",\"editActive\":false,\"order\":3,\"idAttribute\":\"id\",\"label\":\"Correo electr\\u00f3nico\",\"type\":\"email\",\"key\":\"email_1656493999908\",\"label_pos\":\"hidden\",\"required\":1,\"default\":\"\",\"placeholder\":\"Correo electr\\u00f3nico\",\"container_class\":\"\",\"element_class\":\"\",\"admin_label\":\"\",\"help_text\":\"\",\"custom_name_attribute\":\"email\",\"personally_identifiable\":1,\"value\":\"\",\"wrap_styles_show_advanced_css\":0,\"label_styles_show_advanced_css\":0,\"element_styles_show_advanced_css\":0,\"cellcid\":\"c3438\",\"wrap_styles_border\":\"\",\"wrap_styles_width\":\"\",\"wrap_styles_margin\":\"\",\"wrap_styles_padding\":\"\",\"wrap_styles_float\":\"\",\"label_styles_border\":\"\",\"label_styles_width\":\"\",\"label_styles_font-size\":\"\",\"label_styles_margin\":\"\",\"label_styles_padding\":\"\",\"label_styles_float\":\"\",\"element_styles_border\":\"\",\"element_styles_width\":\"\",\"element_styles_font-size\":\"\",\"element_styles_margin\":\"\",\"element_styles_padding\":\"\",\"element_styles_float\":\"\",\"id\":8,\"beforeField\":\"\",\"afterField\":\"\",\"parentType\":\"email\",\"element_templates\":[\"email\",\"input\"],\"old_classname\":\"\",\"wrap_template\":\"wrap\"},{\"objectType\":\"Field\",\"objectDomain\":\"fields\",\"editActive\":false,\"order\":4,\"idAttribute\":\"id\",\"label\":\"Tel\\u00e9fono\",\"type\":\"phone\",\"key\":\"telephone_1656497197454\",\"label_pos\":\"hidden\",\"required\":false,\"default\":\"\",\"placeholder\":\"Tel\\u00e9fono\",\"container_class\":\"\",\"element_class\":\"\",\"input_limit\":\"\",\"input_limit_type\":\"characters\",\"input_limit_msg\":\"Car\\u00e1cter(es) restante(s)\",\"manual_key\":false,\"admin_label\":\"\",\"help_text\":\"\",\"mask\":\"\",\"custom_mask\":\"\",\"custom_name_attribute\":\"phone\",\"personally_identifiable\":1,\"value\":\"\",\"drawerDisabled\":false,\"wrap_styles_show_advanced_css\":0,\"label_styles_show_advanced_css\":0,\"element_styles_show_advanced_css\":0,\"cellcid\":\"c3441\",\"wrap_styles_border\":\"\",\"wrap_styles_width\":\"\",\"wrap_styles_margin\":\"\",\"wrap_styles_padding\":\"\",\"wrap_styles_float\":\"\",\"label_styles_border\":\"\",\"label_styles_width\":\"\",\"label_styles_font-size\":\"\",\"label_styles_margin\":\"\",\"label_styles_padding\":\"\",\"label_styles_float\":\"\",\"element_styles_border\":\"\",\"element_styles_width\":\"\",\"element_styles_font-size\":\"\",\"element_styles_margin\":\"\",\"element_styles_padding\":\"\",\"element_styles_float\":\"\",\"id\":21,\"beforeField\":\"\",\"afterField\":\"\",\"parentType\":\"textbox\",\"element_templates\":[\"tel\",\"textbox\",\"input\"],\"old_classname\":\"\",\"wrap_template\":\"wrap\"},{\"objectType\":\"Field\",\"objectDomain\":\"fields\",\"editActive\":false,\"order\":5,\"idAttribute\":\"id\",\"label\":\"Direcci\\u00f3n comercial\",\"type\":\"textbox\",\"key\":\"adresse_de_votre_commerce_1656497280684\",\"label_pos\":\"hidden\",\"required\":1,\"default\":\"\",\"placeholder\":\"Direcci\\u00f3n comercial\",\"container_class\":\"\",\"element_class\":\"\",\"input_limit\":\"\",\"input_limit_type\":\"characters\",\"input_limit_msg\":\"Car\\u00e1cter(es) restante(s)\",\"manual_key\":false,\"admin_label\":\"\",\"help_text\":\"\",\"mask\":\"\",\"custom_mask\":\"\",\"custom_name_attribute\":\"\",\"personally_identifiable\":\"\",\"value\":\"\",\"drawerDisabled\":false,\"wrap_styles_show_advanced_css\":0,\"label_styles_show_advanced_css\":0,\"element_styles_show_advanced_css\":0,\"cellcid\":\"c3444\",\"wrap_styles_border\":\"\",\"wrap_styles_width\":\"\",\"wrap_styles_margin\":\"\",\"wrap_styles_padding\":\"\",\"wrap_styles_float\":\"\",\"label_styles_border\":\"\",\"label_styles_width\":\"\",\"label_styles_font-size\":\"\",\"label_styles_margin\":\"\",\"label_styles_padding\":\"\",\"label_styles_float\":\"\",\"element_styles_border\":\"\",\"element_styles_width\":\"\",\"element_styles_font-size\":\"\",\"element_styles_margin\":\"\",\"element_styles_padding\":\"\",\"element_styles_float\":\"\",\"id\":22,\"beforeField\":\"\",\"afterField\":\"\",\"parentType\":\"textbox\",\"element_templates\":[\"textbox\",\"input\"],\"old_classname\":\"\",\"wrap_template\":\"wrap\"},{\"objectType\":\"Field\",\"objectDomain\":\"fields\",\"editActive\":false,\"order\":6,\"idAttribute\":\"id\",\"label\":\"P\\u00e1gina web y\\\/o redes sociales\",\"type\":\"textarea\",\"key\":\"adresse_de_votre_site_et_ou_de_vos_reseaux_sociaux_1656497370630\",\"label_pos\":\"hidden\",\"required\":0,\"default\":\"\",\"placeholder\":\"P\\u00e1gina web y\\\/o redes sociales\",\"container_class\":\"\",\"element_class\":\"\",\"input_limit\":\"\",\"input_limit_type\":\"characters\",\"input_limit_msg\":\"Car\\u00e1cter(es) restante(s)\",\"manual_key\":false,\"admin_label\":\"\",\"help_text\":\"\",\"textarea_rte\":\"\",\"disable_rte_mobile\":\"\",\"textarea_media\":\"\",\"value\":\"\",\"drawerDisabled\":false,\"wrap_styles_show_advanced_css\":0,\"label_styles_show_advanced_css\":0,\"element_styles_show_advanced_css\":0,\"cellcid\":\"c3447\",\"id\":23,\"beforeField\":\"\",\"afterField\":\"\",\"parentType\":\"textarea\",\"element_templates\":[\"textarea\",\"input\"],\"old_classname\":\"\",\"wrap_template\":\"wrap\"},{\"objectType\":\"Field\",\"objectDomain\":\"fields\",\"editActive\":false,\"order\":7,\"idAttribute\":\"id\",\"label\":\"Otras marcas que distribuyes\",\"type\":\"textarea\",\"key\":\"autres_marques_que_vous_distribuez_1656497398319\",\"label_pos\":\"hidden\",\"required\":false,\"default\":\"\",\"placeholder\":\"Otras marcas que distribuyes\",\"container_class\":\"\",\"element_class\":\"\",\"input_limit\":\"\",\"input_limit_type\":\"characters\",\"input_limit_msg\":\"Car\\u00e1cter(es) restante(s)\",\"manual_key\":false,\"admin_label\":\"\",\"help_text\":\"\",\"textarea_rte\":\"\",\"disable_rte_mobile\":\"\",\"textarea_media\":\"\",\"value\":\"\",\"drawerDisabled\":false,\"wrap_styles_show_advanced_css\":0,\"label_styles_show_advanced_css\":0,\"element_styles_show_advanced_css\":0,\"cellcid\":\"c3450\",\"id\":24,\"beforeField\":\"\",\"afterField\":\"\",\"parentType\":\"textarea\",\"element_templates\":[\"textarea\",\"input\"],\"old_classname\":\"\",\"wrap_template\":\"wrap\"},{\"objectType\":\"Field\",\"objectDomain\":\"fields\",\"editActive\":false,\"order\":8,\"idAttribute\":\"id\",\"label\":\"ReCAPTCHA\",\"type\":\"recaptcha\",\"container_class\":\"\",\"element_class\":\"\",\"size\":\"visible\",\"key\":\"recaptcha_1656494116089\",\"wrap_styles_show_advanced_css\":0,\"label_styles_show_advanced_css\":0,\"cellcid\":\"c3453\",\"wrap_styles_border\":\"\",\"wrap_styles_width\":\"\",\"wrap_styles_margin\":\"\",\"wrap_styles_padding\":\"\",\"wrap_styles_float\":\"\",\"label_styles_border\":\"\",\"label_styles_width\":\"\",\"label_styles_font-size\":\"\",\"label_styles_margin\":\"\",\"label_styles_padding\":\"\",\"label_styles_float\":\"\",\"drawerDisabled\":false,\"id\":11,\"beforeField\":\"\",\"afterField\":\"\",\"value\":\"\",\"label_pos\":\"hidden\",\"parentType\":\"textbox\",\"element_templates\":[\"recaptcha\",\"input\"],\"old_classname\":\"\",\"wrap_template\":\"wrap\",\"site_key\":\"6LefuGwnAAAAAIhvBsxrU5V6HoLv7UCf0rY44itF\",\"theme\":\"light\",\"lang\":\"en\"},{\"objectType\":\"Field\",\"objectDomain\":\"fields\",\"editActive\":false,\"order\":9,\"idAttribute\":\"id\",\"label\":\"Contactar\",\"type\":\"submit\",\"processing_label\":\"Procesamiento\",\"container_class\":\"\",\"element_class\":\"\",\"key\":\"envoyer_ma_demande_1656497413904\",\"drawerDisabled\":false,\"wrap_styles_show_advanced_css\":0,\"element_styles_show_advanced_css\":0,\"submit_element_hover_styles_show_advanced_css\":0,\"cellcid\":\"c3456\",\"id\":12,\"beforeField\":\"\",\"afterField\":\"\",\"value\":\"\",\"label_pos\":\"hidden\",\"parentType\":\"textbox\",\"element_templates\":[\"submit\",\"button\",\"input\"],\"old_classname\":\"\",\"wrap_template\":\"wrap-no-label\"}];nfForms.push(form);<\/script>\n                <script id=\"nf-tmpl-cell\" type=\"text\/template\">\n            <nf-fields><\/nf-fields>\n        <\/script>\n\n        <script id=\"nf-tmpl-row\" type=\"text\/template\">\n            <nf-cells><\/nf-cells>\n        <\/script>\n\n        [\/vc_column_text][\/vc_column][\/vc_row]<\/p>\n","protected":false},"excerpt":{"rendered":"<p>[vc_row padding_top_multiplier=\u00bb4x\u00bb padding_bottom_multiplier=\u00bb4x\u00bb rc_link_color=\u00bbprimary-1&#8243; rc_link_hover_color=\u00bbwhite\u00bb rc_font_color=\u00bbrgba(255,255,255,0.5)\u00bb][vc_column width=\u00bb1\/2&#8243;][vc_column_text text_style=\u00bbleader-text\u00bb]An\u00edmate a formar parte del universo Tuning Box convirti\u00e9ndote en uno de nuestros distribuidores oficiales[\/vc_column_text][vc_column_text]\u00bfCompartes nuestra pasi\u00f3n por el rendimiento automovil\u00edstico y la innovaci\u00f3n? \u00bfQuieres ofrecerle a tus clientes las soluciones m\u00e1s eficientes del mercado para transformar sus desplazamientos en coche en momentos de puro placer? Si antepones [&hellip;]<\/p>\n","protected":false},"author":2,"featured_media":0,"parent":0,"menu_order":0,"comment_status":"closed","ping_status":"closed","template":"","meta":{"footnotes":""},"class_list":["post-1421","page","type-page","status-publish","hentry","grve-entry-item"],"yoast_head":"<!-- This site is optimized with the Yoast SEO plugin v26.7 - https:\/\/yoast.com\/wordpress\/plugins\/seo\/ -->\n<title>Convertirse en distribuidor - Tuning Box - Boitier additionnel<\/title>\n<meta name=\"robots\" content=\"index, follow, max-snippet:-1, max-image-preview:large, max-video-preview:-1\" \/>\n<link rel=\"canonical\" href=\"https:\/\/www.tuningbox.com\/es\/convertirse-en-distribuidor\/\" \/>\n<meta property=\"og:locale\" content=\"es_ES\" \/>\n<meta property=\"og:type\" content=\"article\" \/>\n<meta property=\"og:title\" content=\"Convertirse en distribuidor - Tuning Box - Boitier additionnel\" \/>\n<meta property=\"og:description\" content=\"[vc_row padding_top_multiplier=\u00bb4x\u00bb padding_bottom_multiplier=\u00bb4x\u00bb rc_link_color=\u00bbprimary-1&#8243; rc_link_hover_color=\u00bbwhite\u00bb rc_font_color=\u00bbrgba(255,255,255,0.5)\u00bb][vc_column width=\u00bb1\/2&#8243;][vc_column_text text_style=\u00bbleader-text\u00bb]An\u00edmate a formar parte del universo Tuning Box convirti\u00e9ndote en uno de nuestros distribuidores oficiales[\/vc_column_text][vc_column_text]\u00bfCompartes nuestra pasi\u00f3n por el rendimiento automovil\u00edstico y la innovaci\u00f3n? \u00bfQuieres ofrecerle a tus clientes las soluciones m\u00e1s eficientes del mercado para transformar sus desplazamientos en coche en momentos de puro placer? Si antepones [&hellip;]\" \/>\n<meta property=\"og:url\" content=\"https:\/\/www.tuningbox.com\/es\/convertirse-en-distribuidor\/\" \/>\n<meta property=\"og:site_name\" content=\"Tuning Box - Boitier additionnel\" \/>\n<meta property=\"article:modified_time\" content=\"2022-08-12T05:56:14+00:00\" \/>\n<meta name=\"twitter:card\" content=\"summary_large_image\" \/>\n<meta name=\"twitter:label1\" content=\"Tiempo de lectura\" \/>\n\t<meta name=\"twitter:data1\" content=\"1 minuto\" \/>\n<script type=\"application\/ld+json\" class=\"yoast-schema-graph\">{\"@context\":\"https:\/\/schema.org\",\"@graph\":[{\"@type\":\"WebPage\",\"@id\":\"https:\/\/www.tuningbox.com\/es\/convertirse-en-distribuidor\/#webpage\",\"url\":\"https:\/\/www.tuningbox.com\/es\/convertirse-en-distribuidor\/\",\"name\":\"Convertirse en distribuidor - Tuning Box - Boitier additionnel\",\"isPartOf\":{\"@id\":\"https:\/\/www.tuningbox.com\/es\/#website\"},\"datePublished\":\"2022-05-13T05:54:28+00:00\",\"dateModified\":\"2022-08-12T05:56:14+00:00\",\"breadcrumb\":{\"@id\":\"https:\/\/www.tuningbox.com\/es\/convertirse-en-distribuidor\/#breadcrumb\"},\"inLanguage\":\"es\",\"potentialAction\":[{\"@type\":\"ReadAction\",\"target\":[\"https:\/\/www.tuningbox.com\/es\/convertirse-en-distribuidor\/\"]}]},{\"@type\":\"BreadcrumbList\",\"@id\":\"https:\/\/www.tuningbox.com\/es\/convertirse-en-distribuidor\/#breadcrumb\",\"itemListElement\":[{\"@type\":\"ListItem\",\"position\":1,\"name\":\"Inicio\",\"item\":\"https:\/\/www.tuningbox.com\/es\/\"},{\"@type\":\"ListItem\",\"position\":2,\"name\":\"Convertirse en distribuidor\"}]},{\"@type\":\"WebSite\",\"@id\":\"https:\/\/www.tuningbox.com\/es\/#website\",\"url\":\"https:\/\/www.tuningbox.com\/es\/\",\"name\":\"Tuning Box - Boitier additionnel\",\"description\":\"puce moteur &amp; pedal box\",\"potentialAction\":[{\"@type\":\"SearchAction\",\"target\":{\"@type\":\"EntryPoint\",\"urlTemplate\":\"https:\/\/www.tuningbox.com\/es\/?s={search_term_string}\"},\"query-input\":{\"@type\":\"PropertyValueSpecification\",\"valueRequired\":true,\"valueName\":\"search_term_string\"}}],\"inLanguage\":\"es\"}]}<\/script>\n<!-- \/ Yoast SEO plugin. -->","yoast_head_json":{"title":"Convertirse en distribuidor - Tuning Box - Boitier additionnel","robots":{"index":"index","follow":"follow","max-snippet":"max-snippet:-1","max-image-preview":"max-image-preview:large","max-video-preview":"max-video-preview:-1"},"canonical":"https:\/\/www.tuningbox.com\/es\/convertirse-en-distribuidor\/","og_locale":"es_ES","og_type":"article","og_title":"Convertirse en distribuidor - Tuning Box - Boitier additionnel","og_description":"[vc_row padding_top_multiplier=\u00bb4x\u00bb padding_bottom_multiplier=\u00bb4x\u00bb rc_link_color=\u00bbprimary-1&#8243; rc_link_hover_color=\u00bbwhite\u00bb rc_font_color=\u00bbrgba(255,255,255,0.5)\u00bb][vc_column width=\u00bb1\/2&#8243;][vc_column_text text_style=\u00bbleader-text\u00bb]An\u00edmate a formar parte del universo Tuning Box convirti\u00e9ndote en uno de nuestros distribuidores oficiales[\/vc_column_text][vc_column_text]\u00bfCompartes nuestra pasi\u00f3n por el rendimiento automovil\u00edstico y la innovaci\u00f3n? \u00bfQuieres ofrecerle a tus clientes las soluciones m\u00e1s eficientes del mercado para transformar sus desplazamientos en coche en momentos de puro placer? Si antepones [&hellip;]","og_url":"https:\/\/www.tuningbox.com\/es\/convertirse-en-distribuidor\/","og_site_name":"Tuning Box - Boitier additionnel","article_modified_time":"2022-08-12T05:56:14+00:00","twitter_card":"summary_large_image","twitter_misc":{"Tiempo de lectura":"1 minuto"},"schema":{"@context":"https:\/\/schema.org","@graph":[{"@type":"WebPage","@id":"https:\/\/www.tuningbox.com\/es\/convertirse-en-distribuidor\/#webpage","url":"https:\/\/www.tuningbox.com\/es\/convertirse-en-distribuidor\/","name":"Convertirse en distribuidor - Tuning Box - Boitier additionnel","isPartOf":{"@id":"https:\/\/www.tuningbox.com\/es\/#website"},"datePublished":"2022-05-13T05:54:28+00:00","dateModified":"2022-08-12T05:56:14+00:00","breadcrumb":{"@id":"https:\/\/www.tuningbox.com\/es\/convertirse-en-distribuidor\/#breadcrumb"},"inLanguage":"es","potentialAction":[{"@type":"ReadAction","target":["https:\/\/www.tuningbox.com\/es\/convertirse-en-distribuidor\/"]}]},{"@type":"BreadcrumbList","@id":"https:\/\/www.tuningbox.com\/es\/convertirse-en-distribuidor\/#breadcrumb","itemListElement":[{"@type":"ListItem","position":1,"name":"Inicio","item":"https:\/\/www.tuningbox.com\/es\/"},{"@type":"ListItem","position":2,"name":"Convertirse en distribuidor"}]},{"@type":"WebSite","@id":"https:\/\/www.tuningbox.com\/es\/#website","url":"https:\/\/www.tuningbox.com\/es\/","name":"Tuning Box - Boitier additionnel","description":"puce moteur &amp; pedal box","potentialAction":[{"@type":"SearchAction","target":{"@type":"EntryPoint","urlTemplate":"https:\/\/www.tuningbox.com\/es\/?s={search_term_string}"},"query-input":{"@type":"PropertyValueSpecification","valueRequired":true,"valueName":"search_term_string"}}],"inLanguage":"es"}]}},"_links":{"self":[{"href":"https:\/\/www.tuningbox.com\/es\/wp-json\/wp\/v2\/pages\/1421","targetHints":{"allow":["GET"]}}],"collection":[{"href":"https:\/\/www.tuningbox.com\/es\/wp-json\/wp\/v2\/pages"}],"about":[{"href":"https:\/\/www.tuningbox.com\/es\/wp-json\/wp\/v2\/types\/page"}],"author":[{"embeddable":true,"href":"https:\/\/www.tuningbox.com\/es\/wp-json\/wp\/v2\/users\/2"}],"replies":[{"embeddable":true,"href":"https:\/\/www.tuningbox.com\/es\/wp-json\/wp\/v2\/comments?post=1421"}],"version-history":[{"count":2,"href":"https:\/\/www.tuningbox.com\/es\/wp-json\/wp\/v2\/pages\/1421\/revisions"}],"predecessor-version":[{"id":1423,"href":"https:\/\/www.tuningbox.com\/es\/wp-json\/wp\/v2\/pages\/1421\/revisions\/1423"}],"wp:attachment":[{"href":"https:\/\/www.tuningbox.com\/es\/wp-json\/wp\/v2\/media?parent=1421"}],"curies":[{"name":"wp","href":"https:\/\/api.w.org\/{rel}","templated":true}]}}